{"id":1817,"date":"2022-09-08T23:10:13","date_gmt":"2022-09-08T21:10:13","guid":{"rendered":"https:\/\/4itec.net\/?page_id=1817"},"modified":"2024-10-25T11:46:24","modified_gmt":"2024-10-25T09:46:24","slug":"it-consulting","status":"publish","type":"page","link":"https:\/\/4itec.net\/sr\/it-consulting\/","title":{"rendered":"IT konsultantske usluge"},"content":{"rendered":"<div data-elementor-type=\"wp-page\" data-elementor-id=\"1817\" class=\"elementor elementor-1817\">\n\t\t\t\t\t\t<section class=\"elementor-section elementor-top-section elementor-element elementor-element-95320a5 elementor-section-boxed elementor-section-height-default elementor-section-height-default\" data-id=\"95320a5\" data-element_type=\"section\" data-settings=\"{&quot;background_background&quot;:&quot;classic&quot;}\">\n\t\t\t\t\t\t<div class=\"elementor-container elementor-column-gap-default\">\n\t\t\t\t\t<div class=\"elementor-column elementor-col-50 elementor-top-column elementor-element elementor-element-3cbb61f\" data-id=\"3cbb61f\" data-element_type=\"column\">\n\t\t\t<div class=\"elementor-widget-wrap elementor-element-populated\">\n\t\t\t\t\t\t<div class=\"elementor-element elementor-element-0585b91 elementor-widget elementor-widget-image\" data-id=\"0585b91\" data-element_type=\"widget\" data-widget_type=\"image.default\">\n\t\t\t\t<div class=\"elementor-widget-container\">\n\t\t\t\t\t\t\t\t\t\t\t\t\t\t\t<img fetchpriority=\"high\" decoding=\"async\" width=\"588\" height=\"322\" src=\"https:\/\/4itec.net\/wp-content\/uploads\/2023\/08\/online-IT-course.jpg\" class=\"attachment-full size-full wp-image-4707\" alt=\"\" srcset=\"https:\/\/4itec.net\/wp-content\/uploads\/2023\/08\/online-IT-course.jpg 588w, https:\/\/4itec.net\/wp-content\/uploads\/2023\/08\/online-IT-course-300x164.jpg 300w, https:\/\/4itec.net\/wp-content\/uploads\/2023\/08\/online-IT-course-18x10.jpg 18w\" sizes=\"(max-width: 588px) 100vw, 588px\" \/>\t\t\t\t\t\t\t\t\t\t\t\t\t\t\t<\/div>\n\t\t\t\t<\/div>\n\t\t\t\t\t<\/div>\n\t\t<\/div>\n\t\t\t\t<div class=\"elementor-column elementor-col-50 elementor-top-column elementor-element elementor-element-71e20ed\" data-id=\"71e20ed\" data-element_type=\"column\">\n\t\t\t<div class=\"elementor-widget-wrap elementor-element-populated\">\n\t\t\t\t\t\t<div class=\"elementor-element elementor-element-b32a6ea animated-slow elementor-widget elementor-widget-text-editor\" data-id=\"b32a6ea\" data-element_type=\"widget\" data-settings=\"{&quot;_animation&quot;:&quot;none&quot;,&quot;_animation_delay&quot;:2000}\" data-widget_type=\"text-editor.default\">\n\t\t\t\t<div class=\"elementor-widget-container\">\n\t\t\t\t\t\t\t\t\t<h3><span style=\"color: #ffffff;\"><strong>Dugogodi\u0161nje iskustvo u IT <span style=\"font-size: 18px; letter-spacing: 0.3px;\">(hardver i softver)<\/span><\/strong><\/span><\/h3><h3 style=\"font-weight: normal; font-variant-ligatures: normal; font-variant-caps: normal; font-style: normal; letter-spacing: 0.3px;\"><span style=\"color: #ffffff;\">Vi\u0161e od stotinu projekata razvoja treninga<\/span><\/h3><h3 style=\"font-weight: normal; font-variant-ligatures: normal; font-variant-caps: normal; font-style: normal; letter-spacing: 0.3px;\"><span style=\"color: #ffffff;\">\u2022 Kursevi vo\u0111eni od instruktora<br \/>\u2022 Samostalni i onlajn kursevi<br \/>\u2022 Korisni\u010dka uputstva i priru\u010dnici<br \/>\u2022 Interaktivni vodi\u010di<br \/>\u2022 Prakti\u010dne ve\u017ebe<br \/>\u2022 Vodi\u010di korak-po-korak<br \/>\u2022 Prezentacioni materijali<br \/>\u2022 Ispiti i sertifikacije<\/span><\/h3><h3 style=\"font-weight: normal; font-variant-ligatures: normal; font-variant-caps: normal; font-style: normal; letter-spacing: 0.3px; text-align: right;\"><span style=\"color: #ffffff;\"><a style=\"color: #ffffff;\" href=\"https:\/\/4itec.net\/sr\/it-consulting\/it-learning\/\"><em>Detaljnije\u2026<\/em><\/a><\/span><\/h3>\t\t\t\t\t\t\t\t<\/div>\n\t\t\t\t<\/div>\n\t\t\t\t\t<\/div>\n\t\t<\/div>\n\t\t\t\t\t<\/div>\n\t\t<\/section>\n\t\t\t\t<section class=\"elementor-section elementor-top-section elementor-element elementor-element-25573e6 elementor-section-boxed elementor-section-height-default elementor-section-height-default\" data-id=\"25573e6\" data-element_type=\"section\" data-settings=\"{&quot;background_background&quot;:&quot;classic&quot;}\">\n\t\t\t\t\t\t<div class=\"elementor-container elementor-column-gap-default\">\n\t\t\t\t\t<div class=\"elementor-column elementor-col-100 elementor-top-column elementor-element elementor-element-780d1be\" data-id=\"780d1be\" data-element_type=\"column\">\n\t\t\t<div class=\"elementor-widget-wrap elementor-element-populated\">\n\t\t\t\t\t\t<div class=\"elementor-element elementor-element-62871e7 elementor-widget-divider--view-line elementor-widget elementor-widget-divider\" data-id=\"62871e7\" data-element_type=\"widget\" data-widget_type=\"divider.default\">\n\t\t\t\t<div class=\"elementor-widget-container\">\n\t\t\t\t\t\t\t<div class=\"elementor-divider\">\n\t\t\t<span class=\"elementor-divider-separator\">\n\t\t\t\t\t\t<\/span>\n\t\t<\/div>\n\t\t\t\t\t\t<\/div>\n\t\t\t\t<\/div>\n\t\t\t\t\t<\/div>\n\t\t<\/div>\n\t\t\t\t\t<\/div>\n\t\t<\/section>\n\t\t\t\t<section class=\"elementor-section elementor-top-section elementor-element elementor-element-263c4ac elementor-section-boxed elementor-section-height-default elementor-section-height-default\" data-id=\"263c4ac\" data-element_type=\"section\" data-settings=\"{&quot;background_background&quot;:&quot;classic&quot;}\">\n\t\t\t\t\t\t<div class=\"elementor-container elementor-column-gap-default\">\n\t\t\t\t\t<div class=\"elementor-column elementor-col-50 elementor-top-column elementor-element elementor-element-0d64c6d\" data-id=\"0d64c6d\" data-element_type=\"column\">\n\t\t\t<div class=\"elementor-widget-wrap elementor-element-populated\">\n\t\t\t\t\t\t<div class=\"elementor-element elementor-element-55efc5c animated-slow elementor-invisible elementor-widget elementor-widget-image\" data-id=\"55efc5c\" data-element_type=\"widget\" data-settings=\"{&quot;_animation&quot;:&quot;zoomIn&quot;}\" data-widget_type=\"image.default\">\n\t\t\t\t<div class=\"elementor-widget-container\">\n\t\t\t\t\t\t\t\t\t\t\t\t\t\t\t<img decoding=\"async\" width=\"370\" height=\"375\" src=\"https:\/\/4itec.net\/wp-content\/uploads\/2023\/07\/GPTsplash.png\" class=\"attachment-large size-large wp-image-4438\" alt=\"ChatGPT\" srcset=\"https:\/\/4itec.net\/wp-content\/uploads\/2023\/07\/GPTsplash.png 370w, https:\/\/4itec.net\/wp-content\/uploads\/2023\/07\/GPTsplash-296x300.png 296w, https:\/\/4itec.net\/wp-content\/uploads\/2023\/07\/GPTsplash-12x12.png 12w\" sizes=\"(max-width: 370px) 100vw, 370px\" \/>\t\t\t\t\t\t\t\t\t\t\t\t\t\t\t<\/div>\n\t\t\t\t<\/div>\n\t\t\t\t<div class=\"elementor-element elementor-element-885d51f animated-slow elementor-widget elementor-widget-text-editor\" data-id=\"885d51f\" data-element_type=\"widget\" data-settings=\"{&quot;_animation&quot;:&quot;none&quot;,&quot;_animation_delay&quot;:2000}\" data-widget_type=\"text-editor.default\">\n\t\t\t\t<div class=\"elementor-widget-container\">\n\t\t\t\t\t\t\t\t\t<h3><span style=\"color: #ffffff;\"><strong>Konsalting za ve\u0161ta\u010dku inteligenciju<br \/><\/strong><a style=\"font-family: 'Marcellus SC'; font-size: 15px; font-style: normal; font-variant-ligatures: normal; font-variant-caps: normal; font-weight: normal; letter-spacing: 0.3px; background-color: #155963; color: #ffffff;\" title=\"Prompt Engineering Certification\" href=\"https:\/\/www.coursera.org\/account\/accomplishments\/verify\/MWHNJ5HB4T2C\" target=\"_blank\" rel=\"noopener\">Sertifikovani prompt in\u017eenjer<\/a><strong><br \/><\/strong><\/span><\/h3><h3 style=\"font-weight: normal; font-variant-ligatures: normal; font-variant-caps: normal; font-style: normal; letter-spacing: 0.3px; text-align: left;\"><span style=\"color: #ffffff;\">\u2022 Uvod u AI za poslovnu primenu<br \/>\u2022 Mo\u0107 i ograni\u010denja LLM-ova<br \/>\u2022 Prompt biblioteka za efikasnost<br \/><span style=\"font-style: normal; font-variant-ligatures: normal; font-variant-caps: normal; font-weight: normal; letter-spacing: 0.3px;\">\u2022 Strategije za implementaciju AI<br \/><\/span><span style=\"font-style: normal; font-variant-ligatures: normal; font-variant-caps: normal; font-weight: normal; letter-spacing: 0.3px;\">\u2022 Evaluacija i treniranje LLM-ova<br \/><\/span>\u2022 OpenAI API klijentske aplikacije<\/span><\/h3><h3 style=\"font-weight: normal; font-variant-ligatures: normal; font-variant-caps: normal; font-style: normal; letter-spacing: 0.3px; text-align: right;\"><span style=\"color: #ffffff;\"><a style=\"color: #ffffff;\" href=\"https:\/\/4itec.net\/sr\/it-consulting\/it-ai\/\"><em>Detaljnije\u2026<\/em><\/a><\/span><\/h3>\t\t\t\t\t\t\t\t<\/div>\n\t\t\t\t<\/div>\n\t\t\t\t\t<\/div>\n\t\t<\/div>\n\t\t\t\t<div class=\"elementor-column elementor-col-50 elementor-top-column elementor-element elementor-element-e05a5b1\" data-id=\"e05a5b1\" data-element_type=\"column\">\n\t\t\t<div class=\"elementor-widget-wrap elementor-element-populated\">\n\t\t\t\t\t\t<div class=\"elementor-element elementor-element-79bd53b elementor-widget__width-initial animated-slow elementor-invisible elementor-widget elementor-widget-image\" data-id=\"79bd53b\" data-element_type=\"widget\" data-settings=\"{&quot;_animation&quot;:&quot;fadeIn&quot;,&quot;_animation_delay&quot;:500}\" data-widget_type=\"image.default\">\n\t\t\t\t<div class=\"elementor-widget-container\">\n\t\t\t\t\t\t\t\t\t\t\t\t\t\t\t<img decoding=\"async\" width=\"802\" height=\"632\" src=\"https:\/\/4itec.net\/wp-content\/uploads\/2024\/05\/GPTchat210.png\" class=\"attachment-full size-full wp-image-5769\" alt=\"GPTchat for Windows\" srcset=\"https:\/\/4itec.net\/wp-content\/uploads\/2024\/05\/GPTchat210.png 802w, https:\/\/4itec.net\/wp-content\/uploads\/2024\/05\/GPTchat210-300x236.png 300w, https:\/\/4itec.net\/wp-content\/uploads\/2024\/05\/GPTchat210-768x605.png 768w, https:\/\/4itec.net\/wp-content\/uploads\/2024\/05\/GPTchat210-15x12.png 15w\" sizes=\"(max-width: 802px) 100vw, 802px\" \/>\t\t\t\t\t\t\t\t\t\t\t\t\t\t\t<\/div>\n\t\t\t\t<\/div>\n\t\t\t\t\t<\/div>\n\t\t<\/div>\n\t\t\t\t\t<\/div>\n\t\t<\/section>\n\t\t\t\t<section class=\"elementor-section elementor-top-section elementor-element elementor-element-ff4386f elementor-section-boxed elementor-section-height-default elementor-section-height-default\" data-id=\"ff4386f\" data-element_type=\"section\" data-settings=\"{&quot;background_background&quot;:&quot;classic&quot;}\">\n\t\t\t\t\t\t<div class=\"elementor-container elementor-column-gap-default\">\n\t\t\t\t\t<div class=\"elementor-column elementor-col-100 elementor-top-column elementor-element elementor-element-1d2b697\" data-id=\"1d2b697\" data-element_type=\"column\">\n\t\t\t<div class=\"elementor-widget-wrap elementor-element-populated\">\n\t\t\t\t\t\t<div class=\"elementor-element elementor-element-62d0097 elementor-widget-divider--view-line elementor-widget elementor-widget-divider\" data-id=\"62d0097\" data-element_type=\"widget\" data-widget_type=\"divider.default\">\n\t\t\t\t<div class=\"elementor-widget-container\">\n\t\t\t\t\t\t\t<div class=\"elementor-divider\">\n\t\t\t<span class=\"elementor-divider-separator\">\n\t\t\t\t\t\t<\/span>\n\t\t<\/div>\n\t\t\t\t\t\t<\/div>\n\t\t\t\t<\/div>\n\t\t\t\t\t<\/div>\n\t\t<\/div>\n\t\t\t\t\t<\/div>\n\t\t<\/section>\n\t\t\t\t<section class=\"elementor-section elementor-top-section elementor-element elementor-element-008c762 elementor-section-boxed elementor-section-height-default elementor-section-height-default\" data-id=\"008c762\" data-element_type=\"section\" data-settings=\"{&quot;background_background&quot;:&quot;classic&quot;}\">\n\t\t\t\t\t\t<div class=\"elementor-container elementor-column-gap-default\">\n\t\t\t\t\t<div class=\"elementor-column elementor-col-50 elementor-top-column elementor-element elementor-element-1fe8cdc\" data-id=\"1fe8cdc\" data-element_type=\"column\">\n\t\t\t<div class=\"elementor-widget-wrap elementor-element-populated\">\n\t\t\t\t\t\t<div class=\"elementor-element elementor-element-79b5758 animated-slow elementor-invisible elementor-widget elementor-widget-image\" data-id=\"79b5758\" data-element_type=\"widget\" data-settings=\"{&quot;_animation&quot;:&quot;zoomIn&quot;,&quot;_animation_delay&quot;:500}\" data-widget_type=\"image.default\">\n\t\t\t\t<div class=\"elementor-widget-container\">\n\t\t\t\t\t\t\t\t\t\t\t\t\t\t\t<img loading=\"lazy\" decoding=\"async\" width=\"570\" height=\"340\" src=\"https:\/\/4itec.net\/wp-content\/uploads\/2023\/09\/HPE_OneView.jpg\" class=\"attachment-large size-large wp-image-5176\" alt=\"HPE OneView\" srcset=\"https:\/\/4itec.net\/wp-content\/uploads\/2023\/09\/HPE_OneView.jpg 570w, https:\/\/4itec.net\/wp-content\/uploads\/2023\/09\/HPE_OneView-300x179.jpg 300w, https:\/\/4itec.net\/wp-content\/uploads\/2023\/09\/HPE_OneView-18x12.jpg 18w\" sizes=\"(max-width: 570px) 100vw, 570px\" \/>\t\t\t\t\t\t\t\t\t\t\t\t\t\t\t<\/div>\n\t\t\t\t<\/div>\n\t\t\t\t\t<\/div>\n\t\t<\/div>\n\t\t\t\t<div class=\"elementor-column elementor-col-50 elementor-top-column elementor-element elementor-element-5aa0068\" data-id=\"5aa0068\" data-element_type=\"column\">\n\t\t\t<div class=\"elementor-widget-wrap elementor-element-populated\">\n\t\t\t\t\t\t<div class=\"elementor-element elementor-element-a049eff animated-slow elementor-widget elementor-widget-text-editor\" data-id=\"a049eff\" data-element_type=\"widget\" data-settings=\"{&quot;_animation&quot;:&quot;none&quot;,&quot;_animation_delay&quot;:2000}\" data-widget_type=\"text-editor.default\">\n\t\t\t\t<div class=\"elementor-widget-container\">\n\t\t\t\t\t\t\t\t\t<h3 style=\"font-variant-ligatures: normal; font-variant-caps: normal; font-style: normal; letter-spacing: 0.3px;\"><span style=\"font-size: 18px; color: #ffffff;\"><span style=\"font-size: 18px;\">Hewlett Packard Enterprise (HPE\u00ae) kompozitna infrastruktura<\/span><\/span><\/h3><h3><span style=\"color: #ffffff;\"><span style=\"font-weight: normal;\">Konsultacije u vezi HPE re\u0161enja za ra\u010dunske centre<br \/><\/span><span style=\"font-weight: normal;\">Student HPE Synergy master-treninga (Hjuston, SAD)<\/span><\/span><br \/><span style=\"color: #ffffff;\"><span style=\"font-weight: normal;\">In\u017eenjer za razvoj kurseva i materijala za obuku<\/span><\/span><\/h3><h3><span style=\"color: #ffffff;\"><span style=\"font-weight: normal;\">\u2022\u00a0<\/span><\/span><a href=\"https:\/\/www.hpe.com\/info\/oneview\/\" target=\"_blank\" rel=\"noopener\">HPE OneView<\/a><span style=\"color: #ffffff;\"><span style=\"font-weight: normal;\">\u00a0upravljanje hardverom ra\u010dunskog centra<\/span><\/span><br \/><span style=\"color: #ffffff;\"><span style=\"font-weight: normal;\">\u2022\u00a0<\/span><\/span><a href=\"https:\/\/www.hpe.com\/info\/synergy\/\" target=\"_blank\" rel=\"noopener\">HPE Synergy<\/a><span style=\"color: #ffffff;\"><span style=\"font-weight: normal;\">\u00a0Kompozitna infrastruktura<\/span><\/span><br \/><span style=\"color: #ffffff;\"><span style=\"font-weight: normal;\">\u2022\u00a0<\/span><\/span><a href=\"https:\/\/www.hpe.com\/info\/bladesystem\/\" target=\"_blank\" rel=\"noopener\">HPE BladeSystem<\/a><span style=\"color: #ffffff;\"><span style=\"font-weight: normal;\">\u00a0modularna C-klasa<br \/><\/span><span style=\"font-weight: normal;\">\u2022\u00a0<\/span><\/span><a href=\"https:\/\/www.hpe.com\/info\/proliant\/\" target=\"_blank\" rel=\"noopener\">HPE ProLiant<\/a><span style=\"color: #ffffff;\"><span style=\"font-weight: normal;\">\u00a0profesionalni serveri<br \/><\/span><span style=\"font-weight: normal;\">\u2022\u00a0<\/span><\/span><a href=\"https:\/\/www.hpe.com\/info\/simplivity\/\" target=\"_blank\" rel=\"noopener\">HPE Simplivity<\/a><span style=\"color: #ffffff;\"><span style=\"font-weight: normal;\">\u00a0HCI hiper-konvergentna arhitektura<\/span><span style=\"font-weight: 400;\"><br \/><\/span><span style=\"font-weight: normal;\">\u2022 \u2026 i druga HPE re\u0161enja infrastrukture ra\u010dunskih centara.<\/span><\/span><\/h3>\t\t\t\t\t\t\t\t<\/div>\n\t\t\t\t<\/div>\n\t\t\t\t\t<\/div>\n\t\t<\/div>\n\t\t\t\t\t<\/div>\n\t\t<\/section>\n\t\t\t\t<section class=\"elementor-section elementor-top-section elementor-element elementor-element-ee125d2 animated-slow elementor-section-boxed elementor-section-height-default elementor-section-height-default elementor-invisible\" data-id=\"ee125d2\" data-element_type=\"section\" data-settings=\"{&quot;background_background&quot;:&quot;classic&quot;,&quot;animation&quot;:&quot;fadeIn&quot;}\">\n\t\t\t\t\t\t<div class=\"elementor-container elementor-column-gap-default\">\n\t\t\t\t\t<div class=\"elementor-column elementor-col-100 elementor-top-column elementor-element elementor-element-1c7ab45\" data-id=\"1c7ab45\" data-element_type=\"column\">\n\t\t\t<div class=\"elementor-widget-wrap elementor-element-populated\">\n\t\t\t\t\t\t<div class=\"elementor-element elementor-element-d521eeb animated-slow elementor-invisible elementor-widget elementor-widget-video\" data-id=\"d521eeb\" data-element_type=\"widget\" data-settings=\"{&quot;video_type&quot;:&quot;hosted&quot;,&quot;autoplay&quot;:&quot;yes&quot;,&quot;loop&quot;:&quot;yes&quot;,&quot;_animation&quot;:&quot;fadeIn&quot;,&quot;_animation_delay&quot;:1500}\" data-widget_type=\"video.default\">\n\t\t\t\t<div class=\"elementor-widget-container\">\n\t\t\t\t\t\t\t<div class=\"e-hosted-video elementor-wrapper elementor-open-inline\">\n\t\t\t\t\t<video class=\"elementor-video\" src=\"https:\/\/4itec.net\/wp-content\/uploads\/2022\/09\/Synergy-Exploded.mp4\" autoplay=\"\" loop=\"\" controlslist=\"nodownload\"><\/video>\n\t\t\t\t<\/div>\n\t\t\t\t\t\t<\/div>\n\t\t\t\t<\/div>\n\t\t\t\t\t<\/div>\n\t\t<\/div>\n\t\t\t\t\t<\/div>\n\t\t<\/section>\n\t\t\t\t<section class=\"elementor-section elementor-top-section elementor-element elementor-element-74e0574 elementor-section-boxed elementor-section-height-default elementor-section-height-default\" data-id=\"74e0574\" data-element_type=\"section\">\n\t\t\t\t\t\t<div class=\"elementor-container elementor-column-gap-default\">\n\t\t\t\t\t<div class=\"elementor-column elementor-col-100 elementor-top-column elementor-element elementor-element-ac45bba\" data-id=\"ac45bba\" data-element_type=\"column\">\n\t\t\t<div class=\"elementor-widget-wrap elementor-element-populated\">\n\t\t\t\t\t\t<div class=\"elementor-element elementor-element-662c639 elementor-widget elementor-widget-shortcode\" data-id=\"662c639\" data-element_type=\"widget\" data-widget_type=\"shortcode.default\">\n\t\t\t\t<div class=\"elementor-widget-container\">\n\t\t\t\t\t\t\t<div class=\"elementor-shortcode\"><div class='mwai-chatbot-container' data-params='{&quot;aiName&quot;:&quot;4ITEC AI&quot;,&quot;userName&quot;:&quot;&quot;,&quot;guestName&quot;:&quot;&quot;,&quot;aiAvatar&quot;:1,&quot;userAvatar&quot;:1,&quot;guestAvatar&quot;:1,&quot;aiAvatarUrl&quot;:&quot;https:\\\/\\\/4itec.net\\\/4ITEC_AI.png&quot;,&quot;textSend&quot;:&quot;Submit&quot;,&quot;textClear&quot;:&quot;Clear&quot;,&quot;imageUpload&quot;:false,&quot;fileUpload&quot;:false,&quot;multiUpload&quot;:false,&quot;maxUploads&quot;:1,&quot;fileUploads&quot;:0,&quot;mode&quot;:&quot;chat&quot;,&quot;textInputPlaceholder&quot;:&quot;Enter message... (option: image)&quot;,&quot;textInputMaxLength&quot;:512,&quot;textCompliance&quot;:&quot;This is an experimental feature. Some AI responses might be incorrect!&quot;,&quot;startSentence&quot;:&quot;Hi, I am a 4ITEC AI virtual assistant for IT.&lt;br&gt;How can I help you?&quot;,&quot;localMemory&quot;:true,&quot;themeId&quot;:&quot;chatgpt&quot;,&quot;window&quot;:true,&quot;icon&quot;:&quot;https:\\\/\\\/4itec.net\\\/4ITEC_AI.png&quot;,&quot;iconText&quot;:&quot;&quot;,&quot;iconTextDelay&quot;:0,&quot;iconAlt&quot;:&quot;AI Chatbot Avatar&quot;,&quot;iconPosition&quot;:&quot;bottom-right&quot;,&quot;centerOpen&quot;:false,&quot;width&quot;:&quot;&quot;,&quot;openDelay&quot;:&quot;&quot;,&quot;iconBubble&quot;:false,&quot;windowAnimation&quot;:&quot;zoom&quot;,&quot;fullscreen&quot;:false,&quot;copyButton&quot;:true,&quot;headerSubtitle&quot;:&quot;Discuss with&quot;,&quot;containerType&quot;:&quot;standard&quot;,&quot;headerType&quot;:&quot;standard&quot;,&quot;messagesType&quot;:&quot;standard&quot;,&quot;inputType&quot;:&quot;standard&quot;,&quot;footerType&quot;:&quot;standard&quot;}' data-system='{&quot;botId&quot;:&quot;IT&quot;,&quot;customId&quot;:null,&quot;userData&quot;:null,&quot;sessionId&quot;:&quot;69f9aea141545&quot;,&quot;restNonce&quot;:null,&quot;contextId&quot;:1817,&quot;pluginUrl&quot;:&quot;https:\\\/\\\/4itec.net\\\/wp-content\\\/plugins\\\/ai-engine\\\/&quot;,&quot;restUrl&quot;:&quot;https:\\\/\\\/4itec.net\\\/sr\\\/wp-json&quot;,&quot;stream&quot;:true,&quot;debugMode&quot;:false,&quot;eventLogs&quot;:false,&quot;speech_recognition&quot;:true,&quot;speech_synthesis&quot;:false,&quot;typewriter&quot;:false,&quot;crossSite&quot;:false,&quot;actions&quot;:[],&quot;blocks&quot;:[],&quot;shortcuts&quot;:[]}' data-theme='{&quot;type&quot;:&quot;internal&quot;,&quot;name&quot;:&quot;ChatGPT&quot;,&quot;themeId&quot;:&quot;chatgpt&quot;,&quot;settings&quot;:{&quot;fontSize&quot;:&quot;14px&quot;,&quot;maxHeight&quot;:&quot;50vh&quot;},&quot;style&quot;:&quot;&quot;,&quot;cssUrl&quot;:&quot;https:\\\/\\\/4itec.net\\\/wp-content\\\/plugins\\\/ai-engine\\\/themes\\\/chatgpt.css&quot;}'><\/div><\/div>\n\t\t\t\t\t\t<\/div>\n\t\t\t\t<\/div>\n\t\t\t\t\t<\/div>\n\t\t<\/div>\n\t\t\t\t\t<\/div>\n\t\t<\/section>\n\t\t\t\t<\/div>","protected":false},"excerpt":{"rendered":"<p>Dugogodi\u0161nje iskustvo u IT hardveru i softveru Vi\u0161e od stotinu projekata za razvoj kurseva \u2022 Kursevi pod vodstvom instruktora\u2022 Samostalni i online kursevi\u2022 Korisni\u010dki vodi\u010di i priru\u010dnici\u2022 Interaktivni tutorijali\u2022 Prakti\u010dne vje\u017ebe\u2022 Vodi\u010di korak po korak\u2022 Materijali za prezentacije\u2022 Demo video snimci proizvoda \u2022 Ispiti i certifikati Savjetovanje o umjetnoj inteligenciji (AI) Od strane certificiranog prompt in\u017eenjera \u2022 Uvod u mogu\u0107nosti umjetne inteligencije \u2022 Snaga i ograni\u010denja [\u2026]<\/p>","protected":false},"author":1,"featured_media":0,"parent":0,"menu_order":0,"comment_status":"closed","ping_status":"closed","template":"","meta":{"ocean_post_layout":"full-screen","ocean_both_sidebars_style":"","ocean_both_sidebars_content_width":0,"ocean_both_sidebars_sidebars_width":0,"ocean_sidebar":"0","ocean_second_sidebar":"0","ocean_disable_margins":"enable","ocean_add_body_class":"","ocean_shortcode_before_top_bar":"","ocean_shortcode_after_top_bar":"","ocean_shortcode_before_header":"","ocean_shortcode_after_header":"","ocean_has_shortcode":"","ocean_shortcode_after_title":"","ocean_shortcode_before_footer_widgets":"","ocean_shortcode_after_footer_widgets":"","ocean_shortcode_before_footer_bottom":"","ocean_shortcode_after_footer_bottom":"","ocean_display_top_bar":"default","ocean_display_header":"default","ocean_header_style":"","ocean_center_header_left_menu":"0","ocean_custom_header_template":"0","ocean_custom_logo":0,"ocean_custom_retina_logo":0,"ocean_custom_logo_max_width":0,"ocean_custom_logo_tablet_max_width":0,"ocean_custom_logo_mobile_max_width":0,"ocean_custom_logo_max_height":0,"ocean_custom_logo_tablet_max_height":0,"ocean_custom_logo_mobile_max_height":0,"ocean_header_custom_menu":"0","ocean_menu_typo_font_family":"0","ocean_menu_typo_font_subset":"","ocean_menu_typo_font_size":0,"ocean_menu_typo_font_size_tablet":0,"ocean_menu_typo_font_size_mobile":0,"ocean_menu_typo_font_size_unit":"px","ocean_menu_typo_font_weight":"","ocean_menu_typo_font_weight_tablet":"","ocean_menu_typo_font_weight_mobile":"","ocean_menu_typo_transform":"","ocean_menu_typo_transform_tablet":"","ocean_menu_typo_transform_mobile":"","ocean_menu_typo_line_height":0,"ocean_menu_typo_line_height_tablet":0,"ocean_menu_typo_line_height_mobile":0,"ocean_menu_typo_line_height_unit":"","ocean_menu_typo_spacing":0,"ocean_menu_typo_spacing_tablet":0,"ocean_menu_typo_spacing_mobile":0,"ocean_menu_typo_spacing_unit":"","ocean_menu_link_color":"","ocean_menu_link_color_hover":"","ocean_menu_link_color_active":"","ocean_menu_link_background":"","ocean_menu_link_hover_background":"","ocean_menu_link_active_background":"","ocean_menu_social_links_bg":"","ocean_menu_social_hover_links_bg":"","ocean_menu_social_links_color":"","ocean_menu_social_hover_links_color":"","ocean_disable_title":"default","ocean_disable_heading":"default","ocean_post_title":"","ocean_post_subheading":"","ocean_post_title_style":"","ocean_post_title_background_color":"","ocean_post_title_background":0,"ocean_post_title_bg_image_position":"","ocean_post_title_bg_image_attachment":"","ocean_post_title_bg_image_repeat":"","ocean_post_title_bg_image_size":"","ocean_post_title_height":0,"ocean_post_title_bg_overlay":0.5,"ocean_post_title_bg_overlay_color":"","ocean_disable_breadcrumbs":"default","ocean_breadcrumbs_color":"","ocean_breadcrumbs_separator_color":"","ocean_breadcrumbs_links_color":"","ocean_breadcrumbs_links_hover_color":"","ocean_display_footer_widgets":"default","ocean_display_footer_bottom":"default","ocean_custom_footer_template":"0","footnotes":""},"class_list":["post-1817","page","type-page","status-publish","hentry","entry"],"_links":{"self":[{"href":"https:\/\/4itec.net\/sr\/wp-json\/wp\/v2\/pages\/1817","targetHints":{"allow":["GET"]}}],"collection":[{"href":"https:\/\/4itec.net\/sr\/wp-json\/wp\/v2\/pages"}],"about":[{"href":"https:\/\/4itec.net\/sr\/wp-json\/wp\/v2\/types\/page"}],"author":[{"embeddable":true,"href":"https:\/\/4itec.net\/sr\/wp-json\/wp\/v2\/users\/1"}],"replies":[{"embeddable":true,"href":"https:\/\/4itec.net\/sr\/wp-json\/wp\/v2\/comments?post=1817"}],"version-history":[{"count":288,"href":"https:\/\/4itec.net\/sr\/wp-json\/wp\/v2\/pages\/1817\/revisions"}],"predecessor-version":[{"id":5838,"href":"https:\/\/4itec.net\/sr\/wp-json\/wp\/v2\/pages\/1817\/revisions\/5838"}],"wp:attachment":[{"href":"https:\/\/4itec.net\/sr\/wp-json\/wp\/v2\/media?parent=1817"}],"curies":[{"name":"wp","href":"https:\/\/api.w.org\/{rel}","templated":true}]}}