{"id":2753,"date":"2022-10-06T16:48:33","date_gmt":"2022-10-06T14:48:33","guid":{"rendered":"https:\/\/4itec.net\/?page_id=2753"},"modified":"2024-10-25T11:44:40","modified_gmt":"2024-10-25T09:44:40","slug":"soft-skills-courses","status":"publish","type":"page","link":"https:\/\/4itec.net\/sr\/training\/soft-skills-courses\/","title":{"rendered":"Liderske ve\u0161tine"},"content":{"rendered":"<div data-elementor-type=\"wp-page\" data-elementor-id=\"2753\" class=\"elementor elementor-2753\">\n\t\t\t\t\t\t<section class=\"elementor-section elementor-top-section elementor-element elementor-element-995a6eb elementor-section-boxed elementor-section-height-default elementor-section-height-default\" data-id=\"995a6eb\" data-element_type=\"section\">\n\t\t\t\t\t\t<div class=\"elementor-container elementor-column-gap-default\">\n\t\t\t\t\t<div class=\"elementor-column elementor-col-50 elementor-top-column elementor-element elementor-element-79e5859\" data-id=\"79e5859\" data-element_type=\"column\">\n\t\t\t<div class=\"elementor-widget-wrap elementor-element-populated\">\n\t\t\t\t\t\t<section class=\"elementor-section elementor-inner-section elementor-element elementor-element-0f336fd elementor-section-boxed elementor-section-height-default elementor-section-height-default\" data-id=\"0f336fd\" data-element_type=\"section\">\n\t\t\t\t\t\t<div class=\"elementor-container elementor-column-gap-default\">\n\t\t\t\t\t<div class=\"elementor-column elementor-col-100 elementor-inner-column elementor-element elementor-element-940d7fc\" data-id=\"940d7fc\" data-element_type=\"column\">\n\t\t\t<div class=\"elementor-widget-wrap elementor-element-populated\">\n\t\t\t\t\t\t<div class=\"elementor-element elementor-element-89d8002 animated-slow elementor-invisible elementor-widget elementor-widget-image\" data-id=\"89d8002\" data-element_type=\"widget\" data-settings=\"{&quot;_animation&quot;:&quot;zoomIn&quot;,&quot;_animation_delay&quot;:500}\" data-widget_type=\"image.default\">\n\t\t\t\t<div class=\"elementor-widget-container\">\n\t\t\t\t\t\t\t\t\t\t\t\t\t\t\t<img fetchpriority=\"high\" decoding=\"async\" width=\"653\" height=\"334\" src=\"https:\/\/4itec.net\/wp-content\/uploads\/2023\/09\/motivated-team.jpg\" class=\"attachment-full size-full wp-image-5192\" alt=\"Motivated team\" srcset=\"https:\/\/4itec.net\/wp-content\/uploads\/2023\/09\/motivated-team.jpg 653w, https:\/\/4itec.net\/wp-content\/uploads\/2023\/09\/motivated-team-300x153.jpg 300w, https:\/\/4itec.net\/wp-content\/uploads\/2023\/09\/motivated-team-18x9.jpg 18w\" sizes=\"(max-width: 653px) 100vw, 653px\" \/>\t\t\t\t\t\t\t\t\t\t\t\t\t\t\t<\/div>\n\t\t\t\t<\/div>\n\t\t\t\t\t<\/div>\n\t\t<\/div>\n\t\t\t\t\t<\/div>\n\t\t<\/section>\n\t\t\t\t\t<\/div>\n\t\t<\/div>\n\t\t\t\t<div class=\"elementor-column elementor-col-50 elementor-top-column elementor-element elementor-element-2ab5886\" data-id=\"2ab5886\" data-element_type=\"column\" data-settings=\"{&quot;background_background&quot;:&quot;classic&quot;}\">\n\t\t\t<div class=\"elementor-widget-wrap elementor-element-populated\">\n\t\t\t\t\t\t<div class=\"elementor-element elementor-element-562031e animated-slow elementor-invisible elementor-widget elementor-widget-text-editor\" data-id=\"562031e\" data-element_type=\"widget\" data-settings=\"{&quot;_animation&quot;:&quot;fadeIn&quot;,&quot;_animation_delay&quot;:500}\" data-widget_type=\"text-editor.default\">\n\t\t\t\t<div class=\"elementor-widget-container\">\n\t\t\t\t\t\t\t\t\t<h4>U dana\u0161njem svetu brzih promena, globalne povezanosti i kompleksnih zahteva, biti uspe\u0161an i efikasan zahteva posebne ve\u0161tine, tzv. soft skills, koje uklju\u010duju razvijanje kvalitetnih me\u0111usobnih odnosa, dobru komunikaciju, emocionalnu pismenost, upravljanje konfliktima, razvoj timova, focus, stav, upravljanje vremenom, motivaciju itd.<\/h4><h4>Emocionalna inteligencija je u dana\u0161njem poslovanju postala va\u017enija od IQ, a kombinovana sa profesionalnim razvojem i radnim iskustvom predstavlja formulu za uspeh. Dobra vest je da sve liderske ve\u0161tine mogu da se nau\u010de i razviju i da se benefiti vide veoma brzo.<\/h4>\t\t\t\t\t\t\t\t<\/div>\n\t\t\t\t<\/div>\n\t\t\t\t\t<\/div>\n\t\t<\/div>\n\t\t\t\t\t<\/div>\n\t\t<\/section>\n\t\t\t\t<section class=\"elementor-section elementor-top-section elementor-element elementor-element-46f4d6a elementor-section-boxed elementor-section-height-default elementor-section-height-default\" data-id=\"46f4d6a\" data-element_type=\"section\">\n\t\t\t\t\t\t<div class=\"elementor-container elementor-column-gap-default\">\n\t\t\t\t\t<div class=\"elementor-column elementor-col-50 elementor-top-column elementor-element elementor-element-5205786\" data-id=\"5205786\" data-element_type=\"column\" data-settings=\"{&quot;background_background&quot;:&quot;classic&quot;}\">\n\t\t\t<div class=\"elementor-widget-wrap elementor-element-populated\">\n\t\t\t\t\t\t<div class=\"elementor-element elementor-element-e2825ae animated-slow elementor-invisible elementor-widget elementor-widget-text-editor\" data-id=\"e2825ae\" data-element_type=\"widget\" data-settings=\"{&quot;_animation&quot;:&quot;fadeIn&quot;,&quot;_animation_delay&quot;:1500}\" data-widget_type=\"text-editor.default\">\n\t\t\t\t<div class=\"elementor-widget-container\">\n\t\t\t\t\t\t\t\t\t<h4 style=\"font-variant-ligatures: normal; font-variant-caps: normal; font-style: normal;\">U okviru portfolio treninga preporu\u010dujemo slede\u0107e kurseve:<\/h4>\t\t\t\t\t\t\t\t<\/div>\n\t\t\t\t<\/div>\n\t\t\t\t<section class=\"elementor-section elementor-inner-section elementor-element elementor-element-d65fef2 elementor-section-boxed elementor-section-height-default elementor-section-height-default\" data-id=\"d65fef2\" data-element_type=\"section\">\n\t\t\t\t\t\t<div class=\"elementor-container elementor-column-gap-default\">\n\t\t\t\t\t<div class=\"elementor-column elementor-col-100 elementor-inner-column elementor-element elementor-element-739c520\" data-id=\"739c520\" data-element_type=\"column\">\n\t\t\t<div class=\"elementor-widget-wrap elementor-element-populated\">\n\t\t\t\t\t\t<div class=\"elementor-element elementor-element-da98403 animated-slow elementor-invisible elementor-widget elementor-widget-text-editor\" data-id=\"da98403\" data-element_type=\"widget\" data-settings=\"{&quot;_animation&quot;:&quot;fadeIn&quot;,&quot;_animation_delay&quot;:2500}\" data-widget_type=\"text-editor.default\">\n\t\t\t\t<div class=\"elementor-widget-container\">\n\t\t\t\t\t\t\t\t\t<ul><li style=\"font-variant-ligatures: normal; font-variant-caps: normal; font-style: normal;\"><h4 style=\"font-variant-ligatures: normal; font-variant-caps: normal; font-style: normal;\">Komunikacione ve\u0161tine \u2013 osnovni nivo<\/h4><\/li><li style=\"font-variant-ligatures: normal; font-variant-caps: normal; font-style: normal;\"><h4 style=\"font-variant-ligatures: normal; font-variant-caps: normal; font-style: normal;\">Upravljanje komunikacijama \u2013 napredni nivo<\/h4><\/li><li style=\"font-variant-ligatures: normal; font-variant-caps: normal; font-style: normal;\"><h4 style=\"font-variant-ligatures: normal; font-variant-caps: normal; font-style: normal;\">Razvoj i upravljanje timovima<\/h4><\/li><li style=\"font-variant-ligatures: normal; font-variant-caps: normal; font-style: normal;\"><h4 style=\"font-variant-ligatures: normal; font-variant-caps: normal; font-style: normal;\">Emocionalna pismenost<\/h4><\/li><li style=\"font-variant-ligatures: normal; font-variant-caps: normal; font-style: normal;\"><h4 style=\"font-variant-ligatures: normal; font-variant-caps: normal; font-style: normal;\">Asertivnost<\/h4><\/li><li style=\"font-variant-ligatures: normal; font-variant-caps: normal; font-style: normal;\"><h4 style=\"font-variant-ligatures: normal; font-variant-caps: normal; font-style: normal;\">Razvoj liderskih ve\u0161tina<\/h4><\/li><li style=\"font-variant-ligatures: normal; font-variant-caps: normal; font-style: normal;\"><h4 style=\"font-variant-ligatures: normal; font-variant-caps: normal; font-style: normal;\">Psihologija organizacije<\/h4><\/li><li style=\"font-variant-ligatures: normal; font-variant-caps: normal; font-style: normal;\"><h4 style=\"font-variant-ligatures: normal; font-variant-caps: normal; font-style: normal;\">Upravljanje vremenom i fokus<\/h4><\/li><li style=\"font-variant-ligatures: normal; font-variant-caps: normal; font-style: normal;\"><h4 style=\"font-variant-ligatures: normal; font-variant-caps: normal; font-style: normal;\">Upravljanje promenama<\/h4><\/li><\/ul>\t\t\t\t\t\t\t\t<\/div>\n\t\t\t\t<\/div>\n\t\t\t\t\t<\/div>\n\t\t<\/div>\n\t\t\t\t\t<\/div>\n\t\t<\/section>\n\t\t\t\t\t<\/div>\n\t\t<\/div>\n\t\t\t\t<div class=\"elementor-column elementor-col-50 elementor-top-column elementor-element elementor-element-c19e258\" data-id=\"c19e258\" data-element_type=\"column\">\n\t\t\t<div class=\"elementor-widget-wrap elementor-element-populated\">\n\t\t\t\t\t\t<section class=\"elementor-section elementor-inner-section elementor-element elementor-element-c545828 elementor-section-boxed elementor-section-height-default elementor-section-height-default\" data-id=\"c545828\" data-element_type=\"section\">\n\t\t\t\t\t\t<div class=\"elementor-container elementor-column-gap-default\">\n\t\t\t\t\t<div class=\"elementor-column elementor-col-100 elementor-inner-column elementor-element elementor-element-4f5d249\" data-id=\"4f5d249\" data-element_type=\"column\">\n\t\t\t<div class=\"elementor-widget-wrap elementor-element-populated\">\n\t\t\t\t\t\t<div class=\"elementor-element elementor-element-2c76f74 animated-slow elementor-invisible elementor-widget elementor-widget-image\" data-id=\"2c76f74\" data-element_type=\"widget\" data-settings=\"{&quot;_animation&quot;:&quot;fadeIn&quot;,&quot;_animation_delay&quot;:2000}\" data-widget_type=\"image.default\">\n\t\t\t\t<div class=\"elementor-widget-container\">\n\t\t\t\t\t\t\t\t\t\t\t\t\t\t\t<img decoding=\"async\" width=\"558\" height=\"446\" src=\"https:\/\/4itec.net\/wp-content\/uploads\/2023\/09\/Soft-skill.jpg\" class=\"attachment-full size-full wp-image-5204\" alt=\"Soft skill\" srcset=\"https:\/\/4itec.net\/wp-content\/uploads\/2023\/09\/Soft-skill.jpg 558w, https:\/\/4itec.net\/wp-content\/uploads\/2023\/09\/Soft-skill-300x240.jpg 300w, https:\/\/4itec.net\/wp-content\/uploads\/2023\/09\/Soft-skill-15x12.jpg 15w\" sizes=\"(max-width: 558px) 100vw, 558px\" \/>\t\t\t\t\t\t\t\t\t\t\t\t\t\t\t<\/div>\n\t\t\t\t<\/div>\n\t\t\t\t\t<\/div>\n\t\t<\/div>\n\t\t\t\t\t<\/div>\n\t\t<\/section>\n\t\t\t\t\t<\/div>\n\t\t<\/div>\n\t\t\t\t\t<\/div>\n\t\t<\/section>\n\t\t\t\t<section class=\"elementor-section elementor-top-section elementor-element elementor-element-e60288f elementor-section-boxed elementor-section-height-default elementor-section-height-default\" data-id=\"e60288f\" data-element_type=\"section\">\n\t\t\t\t\t\t<div class=\"elementor-container elementor-column-gap-default\">\n\t\t\t\t\t<div class=\"elementor-column elementor-col-100 elementor-top-column elementor-element elementor-element-02a761b\" data-id=\"02a761b\" data-element_type=\"column\">\n\t\t\t<div class=\"elementor-widget-wrap elementor-element-populated\">\n\t\t\t\t\t\t<section class=\"elementor-section elementor-inner-section elementor-element elementor-element-d0af123 elementor-section-boxed elementor-section-height-default elementor-section-height-default\" data-id=\"d0af123\" data-element_type=\"section\">\n\t\t\t\t\t\t<div class=\"elementor-container elementor-column-gap-default\">\n\t\t\t\t\t<div class=\"elementor-column elementor-col-50 elementor-inner-column elementor-element elementor-element-adcd528 animated-slow elementor-invisible\" data-id=\"adcd528\" data-element_type=\"column\" data-settings=\"{&quot;animation&quot;:&quot;fadeIn&quot;}\">\n\t\t\t<div class=\"elementor-widget-wrap elementor-element-populated\">\n\t\t\t\t\t\t<div class=\"elementor-element elementor-element-28d03ec elementor-widget elementor-widget-text-editor\" data-id=\"28d03ec\" data-element_type=\"widget\" data-widget_type=\"text-editor.default\">\n\t\t\t\t<div class=\"elementor-widget-container\">\n\t\t\t\t\t\t\t\t\t<h4>Ve\u0161tine efektivne komunikacije \u2013 osnovni nivo - 18 sati<\/h4><p>Dobra komunikacija omogu\u0107ava bolje, potpunije, sadr\u017eajnije odnose sa drugim ljudima, direktno uti\u010de na efikasnost, zadovoljstvo i motivaciju zaposlenih. Ukoliko smo uspe\u0161ni u komunikaciji, to nam otvara vrata za li\u010dne i profesionalne uspehe<\/p><p><strong>Cilj treninga je:<\/strong><\/p><ul><li>Ostvarivanje zdravih interpersonalnih odnosa<\/li><li>Pove\u0107anje radne efikasnosti<\/li><li>Upravljanje konfliktima<\/li><li>Samopouzdanje u komunikaciji i otklanjanje prepreka<\/li><li>Bolje razumevanje drugih<\/li><\/ul><p><strong>Teme koje se obra\u0111uju na kursu:<\/strong><\/p><ul><li>Komunikacija, osnovni principi<\/li><li>Vrste komunikacije, dimenzije i komunikacioni modeli<\/li><li>Komunikacione barijere<\/li><li>Naj\u010de\u0161\u0107e gre\u0161ke u komunikaciji<\/li><li>VAK model<\/li><li>Elementi efektivne komunikacije<\/li><li>RESULT Princip<\/li><\/ul>\t\t\t\t\t\t\t\t<\/div>\n\t\t\t\t<\/div>\n\t\t\t\t\t<\/div>\n\t\t<\/div>\n\t\t\t\t<div class=\"elementor-column elementor-col-50 elementor-inner-column elementor-element elementor-element-e78ea7d animated-slow elementor-invisible\" data-id=\"e78ea7d\" data-element_type=\"column\" data-settings=\"{&quot;animation&quot;:&quot;fadeIn&quot;}\">\n\t\t\t<div class=\"elementor-widget-wrap elementor-element-populated\">\n\t\t\t\t\t\t<div class=\"elementor-element elementor-element-4160c8e elementor-widget elementor-widget-text-editor\" data-id=\"4160c8e\" data-element_type=\"widget\" data-widget_type=\"text-editor.default\">\n\t\t\t\t<div class=\"elementor-widget-container\">\n\t\t\t\t\t\t\t\t\t<h4>Upravljanje komunikacijom \u2013 napredni nivo \u2013 18 sati<\/h4><p>Cilj treninga je efikasno upravljanje komunikacijom, razvoj socijalnih ve\u0161tina, sticanje poverenja, mo\u0107 ube\u0111ivanja,...<\/p><p><strong>Teme koje se na treningu obra\u0111uju:<\/strong><\/p><ul><li>5Ws &amp; 1H princip<\/li><li>Aktivno i efikasno slu\u0161anje<\/li><li>Umetnost postavljanja pitanja<\/li><li>Proces re\u0161avanja problema<\/li><li>Planiranje i upravljanje komunikacijom na projektu<\/li><li>Primanje i davanje povratnih informacija<\/li><li>Upravljanje konfliktima<\/li><li>Efikasno vo\u0111enje sastanaka<\/li><li>7Cs \u2013 kontrolna lista uspe\u0161ne komunikacije<\/li><\/ul>\t\t\t\t\t\t\t\t<\/div>\n\t\t\t\t<\/div>\n\t\t\t\t\t<\/div>\n\t\t<\/div>\n\t\t\t\t\t<\/div>\n\t\t<\/section>\n\t\t\t\t<section class=\"elementor-section elementor-inner-section elementor-element elementor-element-d743b98 elementor-section-boxed elementor-section-height-default elementor-section-height-default\" data-id=\"d743b98\" data-element_type=\"section\">\n\t\t\t\t\t\t<div class=\"elementor-container elementor-column-gap-default\">\n\t\t\t\t\t<div class=\"elementor-column elementor-col-50 elementor-inner-column elementor-element elementor-element-c719340 animated-slow elementor-invisible\" data-id=\"c719340\" data-element_type=\"column\" data-settings=\"{&quot;animation&quot;:&quot;fadeIn&quot;}\">\n\t\t\t<div class=\"elementor-widget-wrap elementor-element-populated\">\n\t\t\t\t\t\t<div class=\"elementor-element elementor-element-5d30f6b elementor-widget elementor-widget-text-editor\" data-id=\"5d30f6b\" data-element_type=\"widget\" data-widget_type=\"text-editor.default\">\n\t\t\t\t<div class=\"elementor-widget-container\">\n\t\t\t\t\t\t\t\t\t<h4>Emocionalna pismenost \u2013 18 sati<\/h4><p>Emocionalna inteligencija (EQ) je prepoznata kao faktor uspeha ne samo u upravljanju projektima i vo\u0111enju poslovanja, ve\u0107 i u svim ostalim aspektima \u017eivota i rada.<\/p><p>Emocionalna pismenost je sposobnost da se emocije identifikuju, koriste, razumeju, te da se njima upravlja na pozitivan na\u010din, a sve u cilju osloba\u0111anja od stresa, efikasne komunikacije, saose\u0107anja sa drugima, prevazila\u017eenja izazova i re\u0161avanja sukoba.<\/p><p><strong>Neki od ciljeva treninga:<\/strong><\/p><ul><li>Prepoznavanje sopstvenih emocija<\/li><li>Upravljanje i kontrola emocija i reakcija<\/li><li>Sposobnost da motivi\u0161emo sebe uprkos pote\u0161ko\u0107ama<\/li><li>Prepoznavanje emocija drugih ljudi<\/li><li>Razvijanje zdravih odnosa sa drugima<\/li><li>Smanjenje stresa<\/li><li>Bolje vo\u0111enje i motivisanje drugih<\/li><li>Ve\u0107a poslovna efikasnost<\/li><\/ul><p><strong>Na treningu se kroz interaktivne ve\u017ebe obra\u0111uju slede\u0107e teme:<\/strong><\/p><ul><li>Uvod u Emocionalnu inteligenciju<\/li><li>Vrste emocija i prepoznavanja<\/li><li>Emocionalna petlja<\/li><li>Emocionalne ucene i reket ose\u0107anja<\/li><li>Upravljanje emocijama<\/li><li>Upravljanje brigama<\/li><li>Organizaciona kultura<\/li><\/ul>\t\t\t\t\t\t\t\t<\/div>\n\t\t\t\t<\/div>\n\t\t\t\t\t<\/div>\n\t\t<\/div>\n\t\t\t\t<div class=\"elementor-column elementor-col-50 elementor-inner-column elementor-element elementor-element-420714a animated-slow elementor-invisible\" data-id=\"420714a\" data-element_type=\"column\" data-settings=\"{&quot;animation&quot;:&quot;fadeIn&quot;}\">\n\t\t\t<div class=\"elementor-widget-wrap elementor-element-populated\">\n\t\t\t\t\t\t<div class=\"elementor-element elementor-element-867f8a2 elementor-widget elementor-widget-text-editor\" data-id=\"867f8a2\" data-element_type=\"widget\" data-widget_type=\"text-editor.default\">\n\t\t\t\t<div class=\"elementor-widget-container\">\n\t\t\t\t\t\t\t\t\t<h4>Asertivnost \u2013 16 sati<\/h4><p>Asertivno pona\u0161anje je izuzetno korisno kada \u017eelite da se zauzmete za sebe i svoja prava, a pri tom ne povredite druge. Asertivnost kao aspekt socijalne i emocionalne inteligencije predstavlja ume\u0107e zauzimanja za li\u010dna prava i izra\u017eavanje misli, ose\u0107anja i stavova na direktan, iskren, umeren i adekvatan na\u010din, uz po\u0161tovanje drugih ljudi.<\/p><p><strong>Neki od ciljeva treninga:<\/strong><\/p><ul><li>Razvijanje komunikacijskih i socijalnih ve\u0161tina<\/li><li>Ja\u010danje tolerancije na neprijatnost<\/li><li>Razvijanje ve\u0107e osetljivosti i razumevanja za druge ljude<\/li><li>Sposobnosti za asertivno pona\u0161anje u konfliktnim situacijama<\/li><li>Ja\u010danje samoodgovornosti<\/li><li>Ja\u010danje samopouzdanja u odnosima sa drugim ljudima<\/li><\/ul><p><strong>Teme koje se obra\u0111uju na kursu kroz interaktivne ve\u017ebe:<\/strong><\/p><ul><li>Asertivnost - konstrukt i pojam<\/li><li>Stilovi komunikacije (pasivni, agresivni, pasivno-agresivni i asertivni)<\/li><li>Razumevanje i prihvatanje asertivnih prava<\/li><li>Redukovanje misaonih prepreka i destruktivnih uloga<\/li><li>Asertivne tehnike (odgovori na manipulaciju)<\/li><li>Kako slati i primati kritiku?<\/li><li>Kako asertivno uputiti pohvalu?<\/li><li>Kako ulaziti u konstruktivne konflikte?<\/li><\/ul>\t\t\t\t\t\t\t\t<\/div>\n\t\t\t\t<\/div>\n\t\t\t\t\t<\/div>\n\t\t<\/div>\n\t\t\t\t\t<\/div>\n\t\t<\/section>\n\t\t\t\t\t<\/div>\n\t\t<\/div>\n\t\t\t\t\t<\/div>\n\t\t<\/section>\n\t\t\t\t<section class=\"elementor-section elementor-top-section elementor-element elementor-element-54038f5 elementor-section-boxed elementor-section-height-default elementor-section-height-default\" data-id=\"54038f5\" data-element_type=\"section\">\n\t\t\t\t\t\t<div class=\"elementor-container elementor-column-gap-default\">\n\t\t\t\t\t<div class=\"elementor-column elementor-col-100 elementor-top-column elementor-element elementor-element-9ef4b56\" data-id=\"9ef4b56\" data-element_type=\"column\">\n\t\t\t<div class=\"elementor-widget-wrap elementor-element-populated\">\n\t\t\t\t\t\t<div class=\"elementor-element elementor-element-2f25f75 elementor-widget elementor-widget-shortcode\" data-id=\"2f25f75\" data-element_type=\"widget\" data-widget_type=\"shortcode.default\">\n\t\t\t\t<div class=\"elementor-widget-container\">\n\t\t\t\t\t\t\t<div class=\"elementor-shortcode\"><div class='mwai-chatbot-container' data-params='{&quot;aiName&quot;:&quot;4ITEC AI&quot;,&quot;userName&quot;:&quot;&quot;,&quot;guestName&quot;:&quot;&quot;,&quot;aiAvatar&quot;:1,&quot;userAvatar&quot;:1,&quot;guestAvatar&quot;:1,&quot;aiAvatarUrl&quot;:&quot;https:\\\/\\\/4itec.net\\\/4ITEC_AI.png&quot;,&quot;textSend&quot;:&quot;Submit&quot;,&quot;textClear&quot;:&quot;Clear&quot;,&quot;imageUpload&quot;:false,&quot;fileUpload&quot;:false,&quot;multiUpload&quot;:false,&quot;maxUploads&quot;:1,&quot;fileUploads&quot;:0,&quot;mode&quot;:&quot;chat&quot;,&quot;textInputPlaceholder&quot;:&quot;Enter message... (option: image)&quot;,&quot;textInputMaxLength&quot;:512,&quot;textCompliance&quot;:&quot;This is an experimental feature. Some AI responses might be incorrect!&quot;,&quot;startSentence&quot;:&quot;Hi, I am a 4ITEC AI virtual assistant for soft skills.&lt;br&gt;How can I help you?&quot;,&quot;localMemory&quot;:true,&quot;themeId&quot;:&quot;chatgpt&quot;,&quot;window&quot;:true,&quot;icon&quot;:&quot;https:\\\/\\\/4itec.net\\\/4ITEC_AI.png&quot;,&quot;iconText&quot;:&quot;&quot;,&quot;iconTextDelay&quot;:0,&quot;iconAlt&quot;:&quot;AI Chatbot Avatar&quot;,&quot;iconPosition&quot;:&quot;bottom-right&quot;,&quot;centerOpen&quot;:false,&quot;width&quot;:&quot;&quot;,&quot;openDelay&quot;:&quot;&quot;,&quot;iconBubble&quot;:false,&quot;windowAnimation&quot;:&quot;zoom&quot;,&quot;fullscreen&quot;:false,&quot;copyButton&quot;:true,&quot;headerSubtitle&quot;:&quot;Discuss with&quot;,&quot;containerType&quot;:&quot;standard&quot;,&quot;headerType&quot;:&quot;standard&quot;,&quot;messagesType&quot;:&quot;standard&quot;,&quot;inputType&quot;:&quot;standard&quot;,&quot;footerType&quot;:&quot;standard&quot;}' data-system='{&quot;botId&quot;:&quot;SoftSkills&quot;,&quot;customId&quot;:null,&quot;userData&quot;:null,&quot;sessionId&quot;:&quot;69f9af316bb0e&quot;,&quot;restNonce&quot;:null,&quot;contextId&quot;:2753,&quot;pluginUrl&quot;:&quot;https:\\\/\\\/4itec.net\\\/wp-content\\\/plugins\\\/ai-engine\\\/&quot;,&quot;restUrl&quot;:&quot;https:\\\/\\\/4itec.net\\\/sr\\\/wp-json&quot;,&quot;stream&quot;:true,&quot;debugMode&quot;:false,&quot;eventLogs&quot;:false,&quot;speech_recognition&quot;:true,&quot;speech_synthesis&quot;:false,&quot;typewriter&quot;:false,&quot;crossSite&quot;:false,&quot;actions&quot;:[],&quot;blocks&quot;:[],&quot;shortcuts&quot;:[]}' data-theme='{&quot;type&quot;:&quot;internal&quot;,&quot;name&quot;:&quot;ChatGPT&quot;,&quot;themeId&quot;:&quot;chatgpt&quot;,&quot;settings&quot;:{&quot;fontSize&quot;:&quot;14px&quot;,&quot;maxHeight&quot;:&quot;50vh&quot;},&quot;style&quot;:&quot;&quot;,&quot;cssUrl&quot;:&quot;https:\\\/\\\/4itec.net\\\/wp-content\\\/plugins\\\/ai-engine\\\/themes\\\/chatgpt.css&quot;}'><\/div><\/div>\n\t\t\t\t\t\t<\/div>\n\t\t\t\t<\/div>\n\t\t\t\t\t<\/div>\n\t\t<\/div>\n\t\t\t\t\t<\/div>\n\t\t<\/section>\n\t\t\t\t<\/div>","protected":false},"excerpt":{"rendered":"<p>U dana\u0161njem svijetu brzih promjena, globalne povezanosti i slo\u017eenih zahtjeva, za uspje\u0161an i efikasan potreban je poseban set takozvanih mekih vje\u0161tina, koje uklju\u010duju razvoj kvalitetnih me\u0111uljudskih odnosa, efikasnu komunikaciju, emocionalnu pismenost, upravljanje konfliktima, razvoj tima, fokus, stav, upravljanje vremenom, motivacija,\u2026 itd. Danas emocionalna inteligencija postaje va\u017enija od IQ-a, a [\u2026]<\/p>","protected":false},"author":1,"featured_media":0,"parent":294,"menu_order":0,"comment_status":"closed","ping_status":"closed","template":"","meta":{"ocean_post_layout":"full-screen","ocean_both_sidebars_style":"","ocean_both_sidebars_content_width":0,"ocean_both_sidebars_sidebars_width":0,"ocean_sidebar":"0","ocean_second_sidebar":"0","ocean_disable_margins":"enable","ocean_add_body_class":"","ocean_shortcode_before_top_bar":"","ocean_shortcode_after_top_bar":"","ocean_shortcode_before_header":"","ocean_shortcode_after_header":"","ocean_has_shortcode":"","ocean_shortcode_after_title":"","ocean_shortcode_before_footer_widgets":"","ocean_shortcode_after_footer_widgets":"","ocean_shortcode_before_footer_bottom":"","ocean_shortcode_after_footer_bottom":"","ocean_display_top_bar":"default","ocean_display_header":"default","ocean_header_style":"","ocean_center_header_left_menu":"0","ocean_custom_header_template":"0","ocean_custom_logo":0,"ocean_custom_retina_logo":0,"ocean_custom_logo_max_width":0,"ocean_custom_logo_tablet_max_width":0,"ocean_custom_logo_mobile_max_width":0,"ocean_custom_logo_max_height":0,"ocean_custom_logo_tablet_max_height":0,"ocean_custom_logo_mobile_max_height":0,"ocean_header_custom_menu":"0","ocean_menu_typo_font_family":"0","ocean_menu_typo_font_subset":"","ocean_menu_typo_font_size":0,"ocean_menu_typo_font_size_tablet":0,"ocean_menu_typo_font_size_mobile":0,"ocean_menu_typo_font_size_unit":"px","ocean_menu_typo_font_weight":"","ocean_menu_typo_font_weight_tablet":"","ocean_menu_typo_font_weight_mobile":"","ocean_menu_typo_transform":"","ocean_menu_typo_transform_tablet":"","ocean_menu_typo_transform_mobile":"","ocean_menu_typo_line_height":0,"ocean_menu_typo_line_height_tablet":0,"ocean_menu_typo_line_height_mobile":0,"ocean_menu_typo_line_height_unit":"","ocean_menu_typo_spacing":0,"ocean_menu_typo_spacing_tablet":0,"ocean_menu_typo_spacing_mobile":0,"ocean_menu_typo_spacing_unit":"","ocean_menu_link_color":"","ocean_menu_link_color_hover":"","ocean_menu_link_color_active":"","ocean_menu_link_background":"","ocean_menu_link_hover_background":"","ocean_menu_link_active_background":"","ocean_menu_social_links_bg":"","ocean_menu_social_hover_links_bg":"","ocean_menu_social_links_color":"","ocean_menu_social_hover_links_color":"","ocean_disable_title":"default","ocean_disable_heading":"default","ocean_post_title":"","ocean_post_subheading":"","ocean_post_title_style":"","ocean_post_title_background_color":"","ocean_post_title_background":0,"ocean_post_title_bg_image_position":"","ocean_post_title_bg_image_attachment":"","ocean_post_title_bg_image_repeat":"","ocean_post_title_bg_image_size":"","ocean_post_title_height":0,"ocean_post_title_bg_overlay":0.5,"ocean_post_title_bg_overlay_color":"","ocean_disable_breadcrumbs":"default","ocean_breadcrumbs_color":"","ocean_breadcrumbs_separator_color":"","ocean_breadcrumbs_links_color":"","ocean_breadcrumbs_links_hover_color":"","ocean_display_footer_widgets":"default","ocean_display_footer_bottom":"default","ocean_custom_footer_template":"0","footnotes":""},"class_list":["post-2753","page","type-page","status-publish","hentry","entry"],"_links":{"self":[{"href":"https:\/\/4itec.net\/sr\/wp-json\/wp\/v2\/pages\/2753","targetHints":{"allow":["GET"]}}],"collection":[{"href":"https:\/\/4itec.net\/sr\/wp-json\/wp\/v2\/pages"}],"about":[{"href":"https:\/\/4itec.net\/sr\/wp-json\/wp\/v2\/types\/page"}],"author":[{"embeddable":true,"href":"https:\/\/4itec.net\/sr\/wp-json\/wp\/v2\/users\/1"}],"replies":[{"embeddable":true,"href":"https:\/\/4itec.net\/sr\/wp-json\/wp\/v2\/comments?post=2753"}],"version-history":[{"count":109,"href":"https:\/\/4itec.net\/sr\/wp-json\/wp\/v2\/pages\/2753\/revisions"}],"predecessor-version":[{"id":5832,"href":"https:\/\/4itec.net\/sr\/wp-json\/wp\/v2\/pages\/2753\/revisions\/5832"}],"up":[{"embeddable":true,"href":"https:\/\/4itec.net\/sr\/wp-json\/wp\/v2\/pages\/294"}],"wp:attachment":[{"href":"https:\/\/4itec.net\/sr\/wp-json\/wp\/v2\/media?parent=2753"}],"curies":[{"name":"wp","href":"https:\/\/api.w.org\/{rel}","templated":true}]}}