{"id":294,"date":"2016-11-03T16:50:09","date_gmt":"2016-11-03T16:50:09","guid":{"rendered":"http:\/\/lawyer2.mythemecloud.io\/?page_id=294"},"modified":"2024-10-25T11:42:00","modified_gmt":"2024-10-25T09:42:00","slug":"training","status":"publish","type":"page","link":"https:\/\/4itec.net\/sr\/training\/","title":{"rendered":"Obuka"},"content":{"rendered":"<div data-elementor-type=\"wp-post\" data-elementor-id=\"294\" class=\"elementor elementor-294\">\n\t\t\t\t\t\t<section class=\"elementor-section elementor-top-section elementor-element elementor-element-bu71rau elementor-section-boxed elementor-section-height-default elementor-section-height-default\" data-id=\"bu71rau\" data-element_type=\"section\" data-settings=\"{&quot;background_background&quot;:&quot;classic&quot;}\">\n\t\t\t\t\t\t<div class=\"elementor-container elementor-column-gap-default\">\n\t\t\t\t\t<div class=\"elementor-column elementor-col-50 elementor-top-column elementor-element elementor-element-phobwjz\" data-id=\"phobwjz\" data-element_type=\"column\">\n\t\t\t<div class=\"elementor-widget-wrap elementor-element-populated\">\n\t\t\t\t\t\t<div class=\"elementor-element elementor-element-01deae7 areas-box e-transform e-transform elementor-position-top elementor-widget elementor-widget-image-box\" data-id=\"01deae7\" data-element_type=\"widget\" data-settings=\"{&quot;_transform_scale_effect_hover&quot;:{&quot;unit&quot;:&quot;px&quot;,&quot;size&quot;:1.0500000000000000444089209850062616169452667236328125,&quot;sizes&quot;:[]},&quot;_transform_scale_effect&quot;:{&quot;unit&quot;:&quot;px&quot;,&quot;size&quot;:&quot;&quot;,&quot;sizes&quot;:[]},&quot;_transform_scale_effect_tablet&quot;:{&quot;unit&quot;:&quot;px&quot;,&quot;size&quot;:&quot;&quot;,&quot;sizes&quot;:[]},&quot;_transform_scale_effect_mobile&quot;:{&quot;unit&quot;:&quot;px&quot;,&quot;size&quot;:&quot;&quot;,&quot;sizes&quot;:[]},&quot;_transform_scale_effect_hover_tablet&quot;:{&quot;unit&quot;:&quot;px&quot;,&quot;size&quot;:&quot;&quot;,&quot;sizes&quot;:[]},&quot;_transform_scale_effect_hover_mobile&quot;:{&quot;unit&quot;:&quot;px&quot;,&quot;size&quot;:&quot;&quot;,&quot;sizes&quot;:[]}}\" data-widget_type=\"image-box.default\">\n\t\t\t\t<div class=\"elementor-widget-container\">\n\t\t\t\t\t<div class=\"elementor-image-box-wrapper\"><figure class=\"elementor-image-box-img\"><a href=\"https:\/\/4itec.net\/sr\/training\/pm-courses\/\" tabindex=\"-1\"><img fetchpriority=\"high\" decoding=\"async\" width=\"550\" height=\"291\" src=\"https:\/\/4itec.net\/wp-content\/uploads\/2023\/09\/Project-Management.jpg\" class=\"attachment-full size-full wp-image-5489\" alt=\"Project Management Basic\" srcset=\"https:\/\/4itec.net\/wp-content\/uploads\/2023\/09\/Project-Management.jpg 550w, https:\/\/4itec.net\/wp-content\/uploads\/2023\/09\/Project-Management-300x159.jpg 300w, https:\/\/4itec.net\/wp-content\/uploads\/2023\/09\/Project-Management-18x10.jpg 18w\" sizes=\"(max-width: 550px) 100vw, 550px\" \/><\/a><\/figure><div class=\"elementor-image-box-content\"><h2 class=\"elementor-image-box-title\"><a href=\"https:\/\/4itec.net\/sr\/training\/pm-courses\/\">Kurs iz osnova upravljanja projektima<\/a><\/h2><p class=\"elementor-image-box-description\">Osnovna obuka iz planskog, agilnog i hibridnog upravljanja projektima po PMI<sup>\u00ae<\/sup> metodologiji, sa uvodom u asistenciju ve\u0161ta\u010dke inteligencije (AI).<\/p><\/div><\/div>\t\t\t\t<\/div>\n\t\t\t\t<\/div>\n\t\t\t\t<div class=\"elementor-element elementor-element-mudrmeq areas-box e-transform elementor-position-top elementor-widget elementor-widget-image-box\" data-id=\"mudrmeq\" data-element_type=\"widget\" data-settings=\"{&quot;_transform_scale_effect_hover&quot;:{&quot;unit&quot;:&quot;px&quot;,&quot;size&quot;:1.0500000000000000444089209850062616169452667236328125,&quot;sizes&quot;:[]},&quot;_transform_scale_effect_hover_tablet&quot;:{&quot;unit&quot;:&quot;px&quot;,&quot;size&quot;:&quot;&quot;,&quot;sizes&quot;:[]},&quot;_transform_scale_effect_hover_mobile&quot;:{&quot;unit&quot;:&quot;px&quot;,&quot;size&quot;:&quot;&quot;,&quot;sizes&quot;:[]}}\" data-widget_type=\"image-box.default\">\n\t\t\t\t<div class=\"elementor-widget-container\">\n\t\t\t\t\t<div class=\"elementor-image-box-wrapper\"><figure class=\"elementor-image-box-img\"><a href=\"https:\/\/4itec.net\/sr\/training\/soft-skills-courses\/\" tabindex=\"-1\"><img decoding=\"async\" width=\"600\" height=\"316\" src=\"https:\/\/4itec.net\/wp-content\/uploads\/2022\/09\/group-people-working-out-business-plan-office.jpg\" class=\"attachment-full size-full wp-image-1703\" alt=\"Soft Skills\" srcset=\"https:\/\/4itec.net\/wp-content\/uploads\/2022\/09\/group-people-working-out-business-plan-office.jpg 600w, https:\/\/4itec.net\/wp-content\/uploads\/2022\/09\/group-people-working-out-business-plan-office-300x158.jpg 300w\" sizes=\"(max-width: 600px) 100vw, 600px\" \/><\/a><\/figure><div class=\"elementor-image-box-content\"><h2 class=\"elementor-image-box-title\"><a href=\"https:\/\/4itec.net\/sr\/training\/soft-skills-courses\/\">Liderske ve\u0161tine<\/a><\/h2><p class=\"elementor-image-box-description\">Interpersonalne ve\u0161tine koje oblikuju va\u0161 \u017eivot, posao i me\u0111uljudske odnose: komunikacija, liderstvo, asertivnost, timski rad, motivacija, etika...<\/p><\/div><\/div>\t\t\t\t<\/div>\n\t\t\t\t<\/div>\n\t\t\t\t\t<\/div>\n\t\t<\/div>\n\t\t\t\t<div class=\"elementor-column elementor-col-50 elementor-top-column elementor-element elementor-element-94z8gp3\" data-id=\"94z8gp3\" data-element_type=\"column\">\n\t\t\t<div class=\"elementor-widget-wrap elementor-element-populated\">\n\t\t\t\t\t\t<div class=\"elementor-element elementor-element-clyq47f areas-box e-transform e-transform elementor-position-top elementor-widget elementor-widget-image-box\" data-id=\"clyq47f\" data-element_type=\"widget\" data-settings=\"{&quot;_transform_scale_effect_hover&quot;:{&quot;unit&quot;:&quot;px&quot;,&quot;size&quot;:1.0500000000000000444089209850062616169452667236328125,&quot;sizes&quot;:[]},&quot;_transform_scale_effect&quot;:{&quot;unit&quot;:&quot;px&quot;,&quot;size&quot;:&quot;&quot;,&quot;sizes&quot;:[]},&quot;_transform_scale_effect_tablet&quot;:{&quot;unit&quot;:&quot;px&quot;,&quot;size&quot;:&quot;&quot;,&quot;sizes&quot;:[]},&quot;_transform_scale_effect_mobile&quot;:{&quot;unit&quot;:&quot;px&quot;,&quot;size&quot;:&quot;&quot;,&quot;sizes&quot;:[]},&quot;_transform_scale_effect_hover_tablet&quot;:{&quot;unit&quot;:&quot;px&quot;,&quot;size&quot;:&quot;&quot;,&quot;sizes&quot;:[]},&quot;_transform_scale_effect_hover_mobile&quot;:{&quot;unit&quot;:&quot;px&quot;,&quot;size&quot;:&quot;&quot;,&quot;sizes&quot;:[]}}\" data-widget_type=\"image-box.default\">\n\t\t\t\t<div class=\"elementor-widget-container\">\n\t\t\t\t\t<div class=\"elementor-image-box-wrapper\"><figure class=\"elementor-image-box-img\"><a href=\"https:\/\/4itec.net\/sr\/training\/pm-courses\/#PMP-Course\" tabindex=\"-1\"><img decoding=\"async\" width=\"600\" height=\"317\" src=\"https:\/\/4itec.net\/wp-content\/uploads\/2022\/08\/light-wooden-background-magnifying-glass-pencil-green-plant-white-notebook-with-text-pmi-project-management-institute-business-concept.jpg\" class=\"attachment-full size-full wp-image-1312\" alt=\"Advanced Project Management (PMP)\" srcset=\"https:\/\/4itec.net\/wp-content\/uploads\/2022\/08\/light-wooden-background-magnifying-glass-pencil-green-plant-white-notebook-with-text-pmi-project-management-institute-business-concept.jpg 600w, https:\/\/4itec.net\/wp-content\/uploads\/2022\/08\/light-wooden-background-magnifying-glass-pencil-green-plant-white-notebook-with-text-pmi-project-management-institute-business-concept-300x159.jpg 300w\" sizes=\"(max-width: 600px) 100vw, 600px\" \/><\/a><\/figure><div class=\"elementor-image-box-content\"><h2 class=\"elementor-image-box-title\"><a href=\"https:\/\/4itec.net\/sr\/training\/pm-courses\/#PMP-Course\">Napredni kurs za PMP sertifikaciju<\/a><\/h2><p class=\"elementor-image-box-description\">Profesionalac za upravljanje projektima (PMP<sup>\u00ae<\/sup>) je vode\u0107i svetski sertifikat za stru\u010dnost u prediktivnom, agilnom i hibridnom upravljanju projektima.<\/p><\/div><\/div>\t\t\t\t<\/div>\n\t\t\t\t<\/div>\n\t\t\t\t<div class=\"elementor-element elementor-element-c6a1210 areas-box e-transform elementor-position-top elementor-widget elementor-widget-image-box\" data-id=\"c6a1210\" data-element_type=\"widget\" data-settings=\"{&quot;_transform_scale_effect_hover&quot;:{&quot;unit&quot;:&quot;px&quot;,&quot;size&quot;:1.0500000000000000444089209850062616169452667236328125,&quot;sizes&quot;:[]},&quot;_transform_scale_effect_hover_tablet&quot;:{&quot;unit&quot;:&quot;px&quot;,&quot;size&quot;:&quot;&quot;,&quot;sizes&quot;:[]},&quot;_transform_scale_effect_hover_mobile&quot;:{&quot;unit&quot;:&quot;px&quot;,&quot;size&quot;:&quot;&quot;,&quot;sizes&quot;:[]}}\" data-widget_type=\"image-box.default\">\n\t\t\t\t<div class=\"elementor-widget-container\">\n\t\t\t\t\t<div class=\"elementor-image-box-wrapper\"><figure class=\"elementor-image-box-img\"><a href=\"https:\/\/4itec.net\/sr\/it-consulting\/\" tabindex=\"-1\"><img loading=\"lazy\" decoding=\"async\" width=\"600\" height=\"316\" src=\"https:\/\/4itec.net\/wp-content\/uploads\/2022\/08\/Synergy_data_center.jpg\" class=\"attachment-full size-full wp-image-1311\" alt=\"Data center\" srcset=\"https:\/\/4itec.net\/wp-content\/uploads\/2022\/08\/Synergy_data_center.jpg 600w, https:\/\/4itec.net\/wp-content\/uploads\/2022\/08\/Synergy_data_center-300x158.jpg 300w\" sizes=\"(max-width: 600px) 100vw, 600px\" \/><\/a><\/figure><div class=\"elementor-image-box-content\"><h2 class=\"elementor-image-box-title\"><a href=\"https:\/\/4itec.net\/sr\/it-consulting\/\">IT konsalting<\/a><\/h2><p class=\"elementor-image-box-description\">Konsultantske usluge iz raznih oblasti informacionih tehnologija (IT).<br>\nVe\u0161ta\u010dka inteligencija (AI, LLM), HPE<sup>\u00ae<\/sup> kompozitna infrastruktura...<\/p><\/div><\/div>\t\t\t\t<\/div>\n\t\t\t\t<\/div>\n\t\t\t\t\t<\/div>\n\t\t<\/div>\n\t\t\t\t\t<\/div>\n\t\t<\/section>\n\t\t\t\t<section class=\"elementor-section elementor-top-section elementor-element elementor-element-e5a2b03 elementor-section-boxed elementor-section-height-default elementor-section-height-default\" data-id=\"e5a2b03\" data-element_type=\"section\" data-settings=\"{&quot;background_background&quot;:&quot;classic&quot;}\">\n\t\t\t\t\t\t<div class=\"elementor-container elementor-column-gap-default\">\n\t\t\t\t\t<div class=\"elementor-column elementor-col-100 elementor-top-column elementor-element elementor-element-8c89799\" data-id=\"8c89799\" data-element_type=\"column\">\n\t\t\t<div class=\"elementor-widget-wrap elementor-element-populated\">\n\t\t\t\t\t\t<div class=\"elementor-element elementor-element-3c279bf elementor-widget elementor-widget-shortcode\" data-id=\"3c279bf\" data-element_type=\"widget\" data-widget_type=\"shortcode.default\">\n\t\t\t\t<div class=\"elementor-widget-container\">\n\t\t\t\t\t\t\t<div class=\"elementor-shortcode\"><div class='mwai-chatbot-container' data-params='{&quot;aiName&quot;:&quot;4ITEC AI&quot;,&quot;userName&quot;:&quot;&quot;,&quot;guestName&quot;:&quot;&quot;,&quot;aiAvatar&quot;:1,&quot;userAvatar&quot;:1,&quot;guestAvatar&quot;:1,&quot;aiAvatarUrl&quot;:&quot;https:\\\/\\\/4itec.net\\\/4ITEC_AI.png&quot;,&quot;textSend&quot;:&quot;Submit&quot;,&quot;textClear&quot;:&quot;Clear&quot;,&quot;imageUpload&quot;:false,&quot;fileUpload&quot;:false,&quot;multiUpload&quot;:false,&quot;maxUploads&quot;:1,&quot;fileUploads&quot;:0,&quot;mode&quot;:&quot;chat&quot;,&quot;textInputPlaceholder&quot;:&quot;Enter message... (option: image)&quot;,&quot;textInputMaxLength&quot;:512,&quot;textCompliance&quot;:&quot;This is an experimental feature. Some AI responses might be incorrect!&quot;,&quot;startSentence&quot;:&quot;Hi, I am a 4ITEC AI virtual assistant for courses.&lt;br&gt;How can I help you?&quot;,&quot;localMemory&quot;:true,&quot;themeId&quot;:&quot;chatgpt&quot;,&quot;window&quot;:true,&quot;icon&quot;:&quot;https:\\\/\\\/4itec.net\\\/4ITEC_AI.png&quot;,&quot;iconText&quot;:&quot;&quot;,&quot;iconTextDelay&quot;:0,&quot;iconAlt&quot;:&quot;AI Chatbot Avatar&quot;,&quot;iconPosition&quot;:&quot;bottom-right&quot;,&quot;centerOpen&quot;:false,&quot;width&quot;:&quot;&quot;,&quot;openDelay&quot;:&quot;&quot;,&quot;iconBubble&quot;:false,&quot;windowAnimation&quot;:&quot;zoom&quot;,&quot;fullscreen&quot;:false,&quot;copyButton&quot;:true,&quot;headerSubtitle&quot;:&quot;Discuss with&quot;,&quot;containerType&quot;:&quot;standard&quot;,&quot;headerType&quot;:&quot;standard&quot;,&quot;messagesType&quot;:&quot;standard&quot;,&quot;inputType&quot;:&quot;standard&quot;,&quot;footerType&quot;:&quot;standard&quot;}' data-system='{&quot;botId&quot;:&quot;Training&quot;,&quot;customId&quot;:null,&quot;userData&quot;:null,&quot;sessionId&quot;:&quot;69e0c6a650658&quot;,&quot;restNonce&quot;:null,&quot;contextId&quot;:294,&quot;pluginUrl&quot;:&quot;https:\\\/\\\/4itec.net\\\/wp-content\\\/plugins\\\/ai-engine\\\/&quot;,&quot;restUrl&quot;:&quot;https:\\\/\\\/4itec.net\\\/sr\\\/wp-json&quot;,&quot;stream&quot;:true,&quot;debugMode&quot;:false,&quot;eventLogs&quot;:false,&quot;speech_recognition&quot;:true,&quot;speech_synthesis&quot;:false,&quot;typewriter&quot;:false,&quot;crossSite&quot;:false,&quot;actions&quot;:[],&quot;blocks&quot;:[],&quot;shortcuts&quot;:[]}' data-theme='{&quot;type&quot;:&quot;internal&quot;,&quot;name&quot;:&quot;ChatGPT&quot;,&quot;themeId&quot;:&quot;chatgpt&quot;,&quot;settings&quot;:{&quot;fontSize&quot;:&quot;14px&quot;,&quot;maxHeight&quot;:&quot;50vh&quot;},&quot;style&quot;:&quot;&quot;,&quot;cssUrl&quot;:&quot;https:\\\/\\\/4itec.net\\\/wp-content\\\/plugins\\\/ai-engine\\\/themes\\\/chatgpt.css&quot;}'><\/div><\/div>\n\t\t\t\t\t\t<\/div>\n\t\t\t\t<\/div>\n\t\t\t\t\t<\/div>\n\t\t<\/div>\n\t\t\t\t\t<\/div>\n\t\t<\/section>\n\t\t\t\t<\/div>","protected":false},"excerpt":{"rendered":"<p>Osnovni kurs upravljanja projektima Osnovna obuka za prediktivno, agilno i hibridno upravljanje projektima, prate\u0107i PMI\u00ae metodologiju pobolj\u0161anu pomo\u0107u AI pomo\u0107i. Kursevi mekih vje\u0161tina Interpersonalne vje\u0161tine koje uti\u010du na va\u0161 \u017eivot, posao i odnose: komunikacija, liderstvo, stav, timski rad, motivacija, etika\u2026 Napredni kurs za PMP Certification Professional Project Management Professional (PMP\u00ae) je vode\u0107i svjetski projekt [\u2026]<\/p>","protected":false},"author":1,"featured_media":0,"parent":0,"menu_order":0,"comment_status":"closed","ping_status":"closed","template":"","meta":{"ocean_post_layout":"full-screen","ocean_both_sidebars_style":"","ocean_both_sidebars_content_width":0,"ocean_both_sidebars_sidebars_width":0,"ocean_sidebar":"0","ocean_second_sidebar":"0","ocean_disable_margins":"enable","ocean_add_body_class":"","ocean_shortcode_before_top_bar":"","ocean_shortcode_after_top_bar":"","ocean_shortcode_before_header":"","ocean_shortcode_after_header":"","ocean_has_shortcode":"","ocean_shortcode_after_title":"","ocean_shortcode_before_footer_widgets":"","ocean_shortcode_after_footer_widgets":"","ocean_shortcode_before_footer_bottom":"","ocean_shortcode_after_footer_bottom":"","ocean_display_top_bar":"default","ocean_display_header":"default","ocean_header_style":"","ocean_center_header_left_menu":"0","ocean_custom_header_template":"0","ocean_custom_logo":0,"ocean_custom_retina_logo":0,"ocean_custom_logo_max_width":0,"ocean_custom_logo_tablet_max_width":0,"ocean_custom_logo_mobile_max_width":0,"ocean_custom_logo_max_height":0,"ocean_custom_logo_tablet_max_height":0,"ocean_custom_logo_mobile_max_height":0,"ocean_header_custom_menu":"0","ocean_menu_typo_font_family":"0","ocean_menu_typo_font_subset":"","ocean_menu_typo_font_size":0,"ocean_menu_typo_font_size_tablet":0,"ocean_menu_typo_font_size_mobile":0,"ocean_menu_typo_font_size_unit":"px","ocean_menu_typo_font_weight":"","ocean_menu_typo_font_weight_tablet":"","ocean_menu_typo_font_weight_mobile":"","ocean_menu_typo_transform":"","ocean_menu_typo_transform_tablet":"","ocean_menu_typo_transform_mobile":"","ocean_menu_typo_line_height":0,"ocean_menu_typo_line_height_tablet":0,"ocean_menu_typo_line_height_mobile":0,"ocean_menu_typo_line_height_unit":"","ocean_menu_typo_spacing":0,"ocean_menu_typo_spacing_tablet":0,"ocean_menu_typo_spacing_mobile":0,"ocean_menu_typo_spacing_unit":"","ocean_menu_link_color":"","ocean_menu_link_color_hover":"","ocean_menu_link_color_active":"","ocean_menu_link_background":"","ocean_menu_link_hover_background":"","ocean_menu_link_active_background":"","ocean_menu_social_links_bg":"","ocean_menu_social_hover_links_bg":"","ocean_menu_social_links_color":"","ocean_menu_social_hover_links_color":"","ocean_disable_title":"default","ocean_disable_heading":"default","ocean_post_title":"","ocean_post_subheading":"","ocean_post_title_style":"","ocean_post_title_background_color":"","ocean_post_title_background":0,"ocean_post_title_bg_image_position":"","ocean_post_title_bg_image_attachment":"","ocean_post_title_bg_image_repeat":"","ocean_post_title_bg_image_size":"","ocean_post_title_height":0,"ocean_post_title_bg_overlay":0.5,"ocean_post_title_bg_overlay_color":"","ocean_disable_breadcrumbs":"default","ocean_breadcrumbs_color":"","ocean_breadcrumbs_separator_color":"","ocean_breadcrumbs_links_color":"","ocean_breadcrumbs_links_hover_color":"","ocean_display_footer_widgets":"default","ocean_display_footer_bottom":"default","ocean_custom_footer_template":"0","footnotes":""},"class_list":["post-294","page","type-page","status-publish","hentry","entry"],"_links":{"self":[{"href":"https:\/\/4itec.net\/sr\/wp-json\/wp\/v2\/pages\/294","targetHints":{"allow":["GET"]}}],"collection":[{"href":"https:\/\/4itec.net\/sr\/wp-json\/wp\/v2\/pages"}],"about":[{"href":"https:\/\/4itec.net\/sr\/wp-json\/wp\/v2\/types\/page"}],"author":[{"embeddable":true,"href":"https:\/\/4itec.net\/sr\/wp-json\/wp\/v2\/users\/1"}],"replies":[{"embeddable":true,"href":"https:\/\/4itec.net\/sr\/wp-json\/wp\/v2\/comments?post=294"}],"version-history":[{"count":123,"href":"https:\/\/4itec.net\/sr\/wp-json\/wp\/v2\/pages\/294\/revisions"}],"predecessor-version":[{"id":5826,"href":"https:\/\/4itec.net\/sr\/wp-json\/wp\/v2\/pages\/294\/revisions\/5826"}],"wp:attachment":[{"href":"https:\/\/4itec.net\/sr\/wp-json\/wp\/v2\/media?parent=294"}],"curies":[{"name":"wp","href":"https:\/\/api.w.org\/{rel}","templated":true}]}}