{"id":4564,"date":"2023-08-07T19:36:51","date_gmt":"2023-08-07T17:36:51","guid":{"rendered":"https:\/\/4itec.net\/?page_id=4564"},"modified":"2023-08-21T11:53:08","modified_gmt":"2023-08-21T09:53:08","slug":"privacy-policy","status":"publish","type":"page","link":"https:\/\/4itec.net\/sr\/home\/privacy-policy\/","title":{"rendered":"Politika privatnosti"},"content":{"rendered":"<h2 class=\"wp-block-heading\">Ko smo mi<\/h2>\n\n\n\n<p>4ITEC agencija za konsalting<br>Email: info@4itec.net<br>Web stranica: https:\/\/4itec.net<a href=\"Email: info@4itec.netWebsite: https:\/\/4itec.net.\"><br><\/a>Adresa: Bra\u0107e Petkovi\u0107a 9, Kragujevac, Srbija<br>Telefon: +381 (11) 4011 536<br>Mobilni: +381 (677) 448 322<\/p>\n\n\n\n<h2 class=\"wp-block-heading\">Komentari<\/h2>\n\n\n\n<p>Kada posetioci ostave komentare na sajtu, uklju\u010duju\u0107i chat sesije sa na\u0161im AI chatbotom, prikupljamo podatke prikazane u obrascu za komentare, IP adresu posetioca i string korisni\u010dkog agenta pretra\u017eiva\u010da kako bismo pomogli u otkrivanju spama.<\/p>\n\n\n\n<p>Anonimizirani niz karaktera kreiran od Va\u0161e adrese e-po\u0161te (tzv. hash) mo\u017ee biti dostavljen servisu Gravatar (Globally Recognized Avatar) radi provere da li ga koristite za automatsko ubacivanje Va\u0161eg avatara. Politika privatnosti usluge Gravatar dostupna je ovde: <a href=\"https:\/\/automattic.com\/privacy\/.\">https:\/\/automattic.com\/privacy\/.<\/a> Nakon objavljivanja Va\u0161eg komentara, profilna slika je javno vidljiva u njegovom kontekstu.<\/p>\n\n\n\n<h2 class=\"wp-block-heading\">Mediji<\/h2>\n\n\n\n<p>Ako ostavljate slike na web stranici, trebalo bi izbegavati ostavljanje slika sa uklju\u010denim podacima o lokaciji (EXIF GPS). Posetioci web stranice mogu preuzeti i izdvojiti podatke o lokaciji iz takvih slika.<\/p>\n\n\n\n<h2 class=\"wp-block-heading\">Cookies<\/h2>\n\n\n\n<p>Link za editovanje Va\u0161ih postavki kola\u010di\u0107a (cookies):&nbsp;<a href=\"https:\/\/4itec.net\/sr\/?cky_preview=true\" target=\"_blank\" rel=\"noreferrer noopener\">https:\/\/4itec.net\/?cky_preview=true<\/a><br><br>Ako ostavite komentar na na\u0161oj web stranici, mo\u017eete se odlu\u010diti za snimanje Va\u0161eg imena, adrese e-po\u0161te i web stranice u kola\u010di\u0107e. To je radi va\u0161e udobnosti, da ne morate ponovo unositi svoje podatke kada ostavljate drugi komentar. Ovi kola\u010di\u0107i se mogu \u010duvati do godinu dana.<\/p>\n\n\n\n<p>Ako posetite na\u0161u stranicu za prijavu, mi \u0107emo postaviti privremeni kola\u010di\u0107 kako bismo utvrdili da li Va\u0161 pretra\u017eiva\u010d prihvata kola\u010di\u0107e. Ovaj kola\u010di\u0107 ne sadr\u017ei li\u010dne podatke i odbacuje se kada zatvorite svoj pretra\u017eiva\u010d.<\/p>\n\n\n\n<p>Kada se prijavite, tako\u0111e \u0107emo postaviti nekoliko kola\u010di\u0107a za \u010duvanje va\u0161ih podataka za prijavu i izbor prikaza na ekranu. Kola\u010di\u0107i za prijavu traju dva dana, a kola\u010di\u0107i za opcija prikaza traju do godinu dana. Ako odaberete \"Zapamti me\", Va\u0161a prijava \u0107e trajati dve sedmice. Ako se odjavite sa svog naloga, kola\u010di\u0107i za prijavu \u0107e biti uklonjeni.<\/p>\n\n\n\n<p>Ako editujete ili objavite \u010dlanak, dodatni kola\u010di\u0107 \u0107e biti sa\u010duvan u Va\u0161em pretra\u017eiva\u010du. Ovaj kola\u010di\u0107 ne uklju\u010duje nikakve li\u010dne podatke i samo ukazuje na ID objave \u010dlanka koji ste upravo editovali. Isti\u010de nakon 1 dana.<\/p>\n\n\n\n<h2 class=\"wp-block-heading\">Ugra\u0111eni sadr\u017eaj sa drugih web stranica<\/h2>\n\n\n\n<p>\u010clanci na web stranici mogu uklju\u010divati ugra\u0111eni sadr\u017eaj (npr. video zapise, slike, \u010dlanke, itd.). U principu, ugra\u0111eni sadr\u017eaj sa drugih web stranica pona\u0161a se na potpuno isti na\u010din kao da ste posetili tu drugu web stranicu.<\/p>\n\n\n\n<p>Ove web stranice mogu prikupljati podatke o Vama, koristiti kola\u010di\u0107e, ugraditi dodatno pra\u0107enje od tre\u0107e strane i kontrolisati Va\u0161u interakciju, uklju\u010duju\u0107i interakciju sa ugra\u0111enim sadr\u017eajem ako imate nalog i prijavljeni ste na doti\u010dnu web lokaciju.<\/p>\n\n\n\n<h2 class=\"wp-block-heading\">Sa kim delimo va\u0161u IP adresu<\/h2>\n\n\n\n<p>Ako zatra\u017eite resetovanje lozinke, IP adresa zahteva \u0107e biti uklju\u010dena u e-poruku za reset koja Vam se \u0161alje.<\/p>\n\n\n\n<h2 class=\"wp-block-heading\">Koliko dugo \u010duvamo Va\u0161e podatke<\/h2>\n\n\n\n<p>Ako ostavite komentar, komentar i njegovi podaci se zadr\u017eavaju na neodre\u0111eno vreme da Vas mo\u017eemo automatski prepoznati i odobriti naknadne komentare umesto da \u010dekaju proveru pre objave.<\/p>\n\n\n\n<p>Za korisnike koji se registruju na na\u0161oj web stranici (ako ih ima), tako\u0111e snimamo li\u010dne podatke koje oni daju u svom korisni\u010dkom profilu. Svi korisnici mogu videti, editovati ili obrisati svoje li\u010dne podatke u bilo kom trenutku (osim \u0161to ne mogu promeniti svoje korisni\u010dko ime). Administratori web stranice tako\u0111e mogu videti i editovati te informacije.<\/p>\n\n\n\n<h2 class=\"wp-block-heading\">Koja prava imate nad svojim podacima<\/h2>\n\n\n\n<p>Ako imate nalog na ovom sajtu, ili ste ostavili komentare, mo\u017eete zatra\u017eiti da dobijete sadr\u017eaj li\u010dnih podataka koje imamo o Vama, uklju\u010duju\u0107i sve podatke koje ste nam dostavili. Tako\u0111e, mo\u017eete zatra\u017eiti da izbri\u0161emo sve li\u010dne podatke koje posedujemo o Vama. Ovo ne uklju\u010duje podatke koje smo du\u017eni da \u010duvamo u administrativne, pravne ili sigurnosne svrhe.<\/p>\n\n\n\n<h2 class=\"wp-block-heading\">Gde se \u0161alju Va\u0161i podaci<\/h2>\n\n\n\n<p>Komentari posetilaca mogu se proveravati putem automatske usluge za otkrivanje spama.<\/p>","protected":false},"excerpt":{"rendered":"<p>Ko smo mi. komentare na stranici, uklju\u010duju\u0107i i chat sesije s na\u0161im AI chatbotom, prikupljamo podatke prikazane u obrascu za komentare, kao i IP adresu posjetitelja i korisnika preglednika [\u2026]<\/p>","protected":false},"author":1,"featured_media":0,"parent":161,"menu_order":0,"comment_status":"closed","ping_status":"closed","template":"","meta":{"ocean_post_layout":"","ocean_both_sidebars_style":"","ocean_both_sidebars_content_width":0,"ocean_both_sidebars_sidebars_width":0,"ocean_sidebar":"0","ocean_second_sidebar":"0","ocean_disable_margins":"enable","ocean_add_body_class":"","ocean_shortcode_before_top_bar":"","ocean_shortcode_after_top_bar":"","ocean_shortcode_before_header":"","ocean_shortcode_after_header":"","ocean_has_shortcode":"","ocean_shortcode_after_title":"","ocean_shortcode_before_footer_widgets":"","ocean_shortcode_after_footer_widgets":"","ocean_shortcode_before_footer_bottom":"","ocean_shortcode_after_footer_bottom":"","ocean_display_top_bar":"default","ocean_display_header":"default","ocean_header_style":"","ocean_center_header_left_menu":"0","ocean_custom_header_template":"0","ocean_custom_logo":0,"ocean_custom_retina_logo":0,"ocean_custom_logo_max_width":0,"ocean_custom_logo_tablet_max_width":0,"ocean_custom_logo_mobile_max_width":0,"ocean_custom_logo_max_height":0,"ocean_custom_logo_tablet_max_height":0,"ocean_custom_logo_mobile_max_height":0,"ocean_header_custom_menu":"0","ocean_menu_typo_font_family":"0","ocean_menu_typo_font_subset":"","ocean_menu_typo_font_size":0,"ocean_menu_typo_font_size_tablet":0,"ocean_menu_typo_font_size_mobile":0,"ocean_menu_typo_font_size_unit":"px","ocean_menu_typo_font_weight":"","ocean_menu_typo_font_weight_tablet":"","ocean_menu_typo_font_weight_mobile":"","ocean_menu_typo_transform":"","ocean_menu_typo_transform_tablet":"","ocean_menu_typo_transform_mobile":"","ocean_menu_typo_line_height":0,"ocean_menu_typo_line_height_tablet":0,"ocean_menu_typo_line_height_mobile":0,"ocean_menu_typo_line_height_unit":"","ocean_menu_typo_spacing":0,"ocean_menu_typo_spacing_tablet":0,"ocean_menu_typo_spacing_mobile":0,"ocean_menu_typo_spacing_unit":"","ocean_menu_link_color":"","ocean_menu_link_color_hover":"","ocean_menu_link_color_active":"","ocean_menu_link_background":"","ocean_menu_link_hover_background":"","ocean_menu_link_active_background":"","ocean_menu_social_links_bg":"","ocean_menu_social_hover_links_bg":"","ocean_menu_social_links_color":"","ocean_menu_social_hover_links_color":"","ocean_disable_title":"default","ocean_disable_heading":"default","ocean_post_title":"","ocean_post_subheading":"","ocean_post_title_style":"","ocean_post_title_background_color":"","ocean_post_title_background":0,"ocean_post_title_bg_image_position":"","ocean_post_title_bg_image_attachment":"","ocean_post_title_bg_image_repeat":"","ocean_post_title_bg_image_size":"","ocean_post_title_height":0,"ocean_post_title_bg_overlay":0.5,"ocean_post_title_bg_overlay_color":"","ocean_disable_breadcrumbs":"default","ocean_breadcrumbs_color":"","ocean_breadcrumbs_separator_color":"","ocean_breadcrumbs_links_color":"","ocean_breadcrumbs_links_hover_color":"","ocean_display_footer_widgets":"default","ocean_display_footer_bottom":"default","ocean_custom_footer_template":"0","footnotes":""},"class_list":["post-4564","page","type-page","status-publish","hentry","entry"],"_links":{"self":[{"href":"https:\/\/4itec.net\/sr\/wp-json\/wp\/v2\/pages\/4564","targetHints":{"allow":["GET"]}}],"collection":[{"href":"https:\/\/4itec.net\/sr\/wp-json\/wp\/v2\/pages"}],"about":[{"href":"https:\/\/4itec.net\/sr\/wp-json\/wp\/v2\/types\/page"}],"author":[{"embeddable":true,"href":"https:\/\/4itec.net\/sr\/wp-json\/wp\/v2\/users\/1"}],"replies":[{"embeddable":true,"href":"https:\/\/4itec.net\/sr\/wp-json\/wp\/v2\/comments?post=4564"}],"version-history":[{"count":8,"href":"https:\/\/4itec.net\/sr\/wp-json\/wp\/v2\/pages\/4564\/revisions"}],"predecessor-version":[{"id":4714,"href":"https:\/\/4itec.net\/sr\/wp-json\/wp\/v2\/pages\/4564\/revisions\/4714"}],"up":[{"embeddable":true,"href":"https:\/\/4itec.net\/sr\/wp-json\/wp\/v2\/pages\/161"}],"wp:attachment":[{"href":"https:\/\/4itec.net\/sr\/wp-json\/wp\/v2\/media?parent=4564"}],"curies":[{"name":"wp","href":"https:\/\/api.w.org\/{rel}","templated":true}]}}