{"id":4829,"date":"2023-08-25T11:37:04","date_gmt":"2023-08-25T09:37:04","guid":{"rendered":"https:\/\/4itec.net\/?page_id=4829"},"modified":"2024-10-25T11:47:28","modified_gmt":"2024-10-25T09:47:28","slug":"it-ai","status":"publish","type":"page","link":"https:\/\/4itec.net\/sr\/it-consulting\/it-ai\/","title":{"rendered":"Konsalting za ve\u0161ta\u010dku inteligenciju (AI)"},"content":{"rendered":"<div data-elementor-type=\"wp-page\" data-elementor-id=\"4829\" class=\"elementor elementor-4829\">\n\t\t\t\t\t\t<section class=\"elementor-section elementor-top-section elementor-element elementor-element-63d926b elementor-section-boxed elementor-section-height-default elementor-section-height-default\" data-id=\"63d926b\" data-element_type=\"section\" data-settings=\"{&quot;background_background&quot;:&quot;classic&quot;}\">\n\t\t\t\t\t\t<div class=\"elementor-container elementor-column-gap-default\">\n\t\t\t\t\t<div class=\"elementor-column elementor-col-100 elementor-top-column elementor-element elementor-element-0370577 animated-slow elementor-invisible\" data-id=\"0370577\" data-element_type=\"column\" data-settings=\"{&quot;animation&quot;:&quot;fadeIn&quot;,&quot;animation_delay&quot;:250}\">\n\t\t\t<div class=\"elementor-widget-wrap elementor-element-populated\">\n\t\t\t\t\t\t<div class=\"elementor-element elementor-element-a60a4c9 animated-slow elementor-widget elementor-widget-text-editor\" data-id=\"a60a4c9\" data-element_type=\"widget\" data-settings=\"{&quot;_animation&quot;:&quot;none&quot;,&quot;_animation_delay&quot;:500}\" data-widget_type=\"text-editor.default\">\n\t\t\t\t<div class=\"elementor-widget-container\">\n\t\t\t\t\t\t\t\t\t<h1 style=\"font-variant-ligatures: normal; font-variant-caps: normal; font-style: normal; letter-spacing: 0.3px; text-align: center;\"><span style=\"font-size: 17px; color: #ffffff;\">~ Neka rade za nas pre nego \u0161to mi po\u010dnemo da radimo za njih. ~<\/span><\/h1>\t\t\t\t\t\t\t\t<\/div>\n\t\t\t\t<\/div>\n\t\t\t\t\t<\/div>\n\t\t<\/div>\n\t\t\t\t\t<\/div>\n\t\t<\/section>\n\t\t\t\t<section class=\"elementor-section elementor-top-section elementor-element elementor-element-263c4ac elementor-section-boxed elementor-section-height-default elementor-section-height-default\" data-id=\"263c4ac\" data-element_type=\"section\" data-settings=\"{&quot;background_background&quot;:&quot;classic&quot;}\">\n\t\t\t\t\t\t<div class=\"elementor-container elementor-column-gap-default\">\n\t\t\t\t\t<div class=\"elementor-column elementor-col-50 elementor-top-column elementor-element elementor-element-e05a5b1\" data-id=\"e05a5b1\" data-element_type=\"column\">\n\t\t\t<div class=\"elementor-widget-wrap elementor-element-populated\">\n\t\t\t\t\t\t<div class=\"elementor-element elementor-element-e8c75a9 elementor-widget__width-initial elementor-widget elementor-widget-image\" data-id=\"e8c75a9\" data-element_type=\"widget\" data-widget_type=\"image.default\">\n\t\t\t\t<div class=\"elementor-widget-container\">\n\t\t\t\t\t\t\t\t\t\t\t\t\t\t\t<img fetchpriority=\"high\" decoding=\"async\" width=\"393\" height=\"576\" src=\"https:\/\/4itec.net\/wp-content\/uploads\/2023\/08\/AI-intro.jpg\" class=\"attachment-full size-full wp-image-4998\" alt=\"Introducing ChatGPT\" srcset=\"https:\/\/4itec.net\/wp-content\/uploads\/2023\/08\/AI-intro.jpg 393w, https:\/\/4itec.net\/wp-content\/uploads\/2023\/08\/AI-intro-205x300.jpg 205w, https:\/\/4itec.net\/wp-content\/uploads\/2023\/08\/AI-intro-8x12.jpg 8w\" sizes=\"(max-width: 393px) 100vw, 393px\" \/>\t\t\t\t\t\t\t\t\t\t\t\t\t\t\t<\/div>\n\t\t\t\t<\/div>\n\t\t\t\t\t<\/div>\n\t\t<\/div>\n\t\t\t\t<div class=\"elementor-column elementor-col-50 elementor-top-column elementor-element elementor-element-0d64c6d\" data-id=\"0d64c6d\" data-element_type=\"column\">\n\t\t\t<div class=\"elementor-widget-wrap elementor-element-populated\">\n\t\t\t\t\t\t<div class=\"elementor-element elementor-element-885d51f animated-slow elementor-widget__width-initial elementor-invisible elementor-widget elementor-widget-text-editor\" data-id=\"885d51f\" data-element_type=\"widget\" data-settings=\"{&quot;_animation_delay&quot;:0,&quot;_animation&quot;:&quot;zoomIn&quot;}\" data-widget_type=\"text-editor.default\">\n\t\t\t\t<div class=\"elementor-widget-container\">\n\t\t\t\t\t\t\t\t\t<h2 style=\"font-weight: normal; font-variant-ligatures: normal; font-variant-caps: normal; font-style: normal; letter-spacing: 0.3px;\"><span style=\"color: #ffffff;\"><strong>Konsultantske usluge<\/strong><b><\/b><\/span><\/h2><ul><li style=\"font-weight: normal; font-variant-ligatures: normal; font-variant-caps: normal; font-style: normal; letter-spacing: 0.3px;\"><h3 style=\"font-weight: normal; font-variant-ligatures: normal; font-variant-caps: normal; font-style: normal; letter-spacing: 0.3px;\"><span style=\"color: #ffffff;\"><strong>Uvod u AI za poslovnu primenu<\/strong><br \/>Obja\u0161njenje \u0161ta AI mo\u017ee da uradi i kako ga iskoristiti u razli\u010ditim domenima.<br \/><\/span><\/h3><\/li><li style=\"font-weight: normal; font-variant-ligatures: normal; font-variant-caps: normal; font-style: normal; letter-spacing: 0.3px;\"><h3 style=\"font-weight: normal; font-variant-ligatures: normal; font-variant-caps: normal; font-style: normal; letter-spacing: 0.3px;\"><span style=\"color: #ffffff;\"><strong>Mo\u0107 i ograni\u010denja LLM-ova<\/strong><br \/>Diskusija o prednostima i slabostima velikih jezi\u010dkih modela (LLM) kao \u0161to su GPT-4 i ostali. Kako prevladati ili ubla\u017eiti mogu\u0107e izazove i pogre\u0161ne odzive.<br \/><\/span><\/h3><\/li><li style=\"font-variant-ligatures: normal; font-variant-caps: normal; font-style: normal; letter-spacing: 0.3px;\"><h3 style=\"font-variant-ligatures: normal; font-variant-caps: normal; font-style: normal; letter-spacing: 0.3px;\"><span style=\"color: #ffffff;\">Prompt biblioteke za ve\u0107u efikasnost (<a style=\"font-weight: normal; font-size: 18px; letter-spacing: 0.3px; background-color: #155963; color: #ffffff;\" title=\"Prompt Engineering Certification\" href=\"https:\/\/www.coursera.org\/account\/accomplishments\/verify\/MWHNJ5HB4T2C\" target=\"_blank\" rel=\"noopener\">sertifikovani Prompt In\u017eenjer<\/a>)<br \/><span style=\"font-weight: normal;\">Uvod u koncepte i prednosti kreiranja biblioteke upita (prompts). Kolekcija upita za razli\u010dite oblasti i vrste zadataka i kako ih efikasno koristiti.<\/span><br \/><\/span><\/h3><\/li><li style=\"font-weight: normal; font-variant-ligatures: normal; font-variant-caps: normal; font-style: normal; letter-spacing: 0.3px;\"><h3 style=\"font-weight: normal; font-variant-ligatures: normal; font-variant-caps: normal; font-style: normal; letter-spacing: 0.3px;\"><span style=\"color: #ffffff;\"><span style=\"font-style: normal; font-variant-ligatures: normal; font-variant-caps: normal; font-weight: normal; letter-spacing: 0.3px;\"><strong>Strategije za implementaciju AI<\/strong><br \/>Smjernice i najbolje prakse za integraciju AI u ve\u0107 postoje\u0107e sisteme i tokove posla. Optimizacija performansi i doprinosa AI re\u0161enja u svakodnevnom radu.<br \/><\/span><\/span><\/h3><\/li><li style=\"font-weight: normal; font-variant-ligatures: normal; font-variant-caps: normal; font-style: normal; letter-spacing: 0.3px;\"><h3 style=\"font-weight: normal; font-variant-ligatures: normal; font-variant-caps: normal; font-style: normal; letter-spacing: 0.3px;\"><span style=\"color: #ffffff;\"><span style=\"font-style: normal; font-variant-ligatures: normal; font-variant-caps: normal; font-weight: normal; letter-spacing: 0.3px;\"><strong>Evaluacija, pore\u0111enje i trening LLM-ova<\/strong><br \/>Procena performansi LLM-ova i pore\u0111enje odziva ocenjivanjem kvaliteta pisanja, op\u0161irnosti, pra\u0107enja instrukcija, istinitosti, sigurnosti i drugih parametara. Obuka i usavr\u0161avanje LLM-ova na engleskom ili srpskom jeziku.<\/span><\/span><\/h3><\/li><li style=\"font-weight: normal; font-variant-ligatures: normal; font-variant-caps: normal; font-style: normal; letter-spacing: 0.3px;\"><h3 style=\"font-weight: normal; font-variant-ligatures: normal; font-variant-caps: normal; font-style: normal; letter-spacing: 0.3px;\"><span style=\"color: #ffffff;\"><strong>OpenAI API klijentske aplikacije<\/strong><br \/>Kako pristupiti OpenAI API-ju i izraditi aplikacije prilago\u0111ene da koriste AI.<\/span><\/h3><\/li><\/ul>\t\t\t\t\t\t\t\t<\/div>\n\t\t\t\t<\/div>\n\t\t\t\t\t<\/div>\n\t\t<\/div>\n\t\t\t\t\t<\/div>\n\t\t<\/section>\n\t\t\t\t<section class=\"elementor-section elementor-top-section elementor-element elementor-element-cb10403 elementor-section-boxed elementor-section-height-default elementor-section-height-default\" data-id=\"cb10403\" data-element_type=\"section\" data-settings=\"{&quot;background_background&quot;:&quot;classic&quot;}\">\n\t\t\t\t\t\t<div class=\"elementor-container elementor-column-gap-default\">\n\t\t\t\t\t<div class=\"elementor-column elementor-col-100 elementor-top-column elementor-element elementor-element-be6e883\" data-id=\"be6e883\" data-element_type=\"column\">\n\t\t\t<div class=\"elementor-widget-wrap elementor-element-populated\">\n\t\t\t\t\t\t<div class=\"elementor-element elementor-element-109fa2c elementor-widget-divider--view-line elementor-widget elementor-widget-divider\" data-id=\"109fa2c\" data-element_type=\"widget\" data-widget_type=\"divider.default\">\n\t\t\t\t<div class=\"elementor-widget-container\">\n\t\t\t\t\t\t\t<div class=\"elementor-divider\">\n\t\t\t<span class=\"elementor-divider-separator\">\n\t\t\t\t\t\t<\/span>\n\t\t<\/div>\n\t\t\t\t\t\t<\/div>\n\t\t\t\t<\/div>\n\t\t\t\t\t<\/div>\n\t\t<\/div>\n\t\t\t\t\t<\/div>\n\t\t<\/section>\n\t\t\t\t<section class=\"elementor-section elementor-top-section elementor-element elementor-element-4c637d7 elementor-section-boxed elementor-section-height-default elementor-section-height-default\" data-id=\"4c637d7\" data-element_type=\"section\" data-settings=\"{&quot;background_background&quot;:&quot;classic&quot;}\">\n\t\t\t\t\t\t<div class=\"elementor-container elementor-column-gap-default\">\n\t\t\t\t\t<div class=\"elementor-column elementor-col-100 elementor-top-column elementor-element elementor-element-566f8c9 animated-slow elementor-invisible\" data-id=\"566f8c9\" data-element_type=\"column\" data-settings=\"{&quot;animation&quot;:&quot;fadeIn&quot;,&quot;animation_delay&quot;:250}\">\n\t\t\t<div class=\"elementor-widget-wrap elementor-element-populated\">\n\t\t\t\t\t\t<div class=\"elementor-element elementor-element-a15a3f7 animated-slow elementor-widget elementor-widget-text-editor\" data-id=\"a15a3f7\" data-element_type=\"widget\" data-settings=\"{&quot;_animation&quot;:&quot;none&quot;,&quot;_animation_delay&quot;:500}\" data-widget_type=\"text-editor.default\">\n\t\t\t\t<div class=\"elementor-widget-container\">\n\t\t\t\t\t\t\t\t\t<h1 style=\"text-align: center;\"><span style=\"color: #ffffff;\"><strong>AI ima \u0161irok spektar primena i mogu\u0107ih na\u010dina upotrebe u poslovanju<\/strong><\/span><\/h1><h1 style=\"text-align: left;\"><span style=\"color: #ffffff; font-weight: normal;\">Nekoliko primera:<\/span><\/h1><ul><li style=\"font-weight: normal; font-variant-ligatures: normal; font-variant-caps: normal; font-style: normal; letter-spacing: 0.3px;\"><h3 style=\"font-weight: normal; font-variant-ligatures: normal; font-variant-caps: normal; font-style: normal; letter-spacing: 0.3px;\"><span style=\"color: #ffffff;\"><strong>Upravljanje projektima<\/strong>: AI mo\u017ee pomo\u0107i u predvi\u0111anju vremenskih okvira izvr\u0161enja projekta, identifikovanju potencijalnih rizika i predlaganju optimalne alokacije resursa. Alati poput prediktivne analitike i softvera za upravljanje projektima koji se oslanja na AI mogu zna\u010dajno unaprediti razne projektne procese.<\/span><\/h3><\/li><li style=\"font-weight: normal; font-variant-ligatures: normal; font-variant-caps: normal; font-style: normal; letter-spacing: 0.3px;\"><h3 style=\"font-weight: normal; font-variant-ligatures: normal; font-variant-caps: normal; font-style: normal; letter-spacing: 0.3px;\"><span style=\"color: #ffffff;\"><strong>informacione tehnologije<\/strong>: AI se mo\u017ee koristiti za sigurnost mre\u017ee, otkrivanje anomalija i automatizaciju IT zadataka.<\/span><\/h3><\/li><li style=\"font-weight: normal; font-variant-ligatures: normal; font-variant-caps: normal; font-style: normal; letter-spacing: 0.3px;\"><h3 style=\"font-weight: normal; font-variant-ligatures: normal; font-variant-caps: normal; font-style: normal; letter-spacing: 0.3px;\"><span style=\"color: #ffffff;\"><strong>Ma\u0161insko u\u010denje<\/strong>: Mo\u017eete istra\u017eivati koriste\u0107i AI za analizu podataka, prepoznavanje obrazaca i dono\u0161enje odluka. AI algoritmi mogu pomo\u0107i u pronala\u017eenju pravila unutar velikih skupova podataka, \u0161to mo\u017ee biti dragoceno za optimizaciju procesa.<\/span><\/h3><\/li><li style=\"font-weight: normal; font-variant-ligatures: normal; font-variant-caps: normal; font-style: normal; letter-spacing: 0.3px;\"><h3 style=\"font-weight: normal; font-variant-ligatures: normal; font-variant-caps: normal; font-style: normal; letter-spacing: 0.3px;\"><span style=\"color: #ffffff;\"><span style=\"font-style: normal; font-variant-ligatures: normal; font-variant-caps: normal; font-weight: normal; letter-spacing: 0.3px;\"><strong>Vodi\u010di za obuku<\/strong>: AI mo\u017ee pomo\u0107i u kreiranju obrazovnog sadr\u017eaja za obuku kadrova. Mo\u017ee analizirati preferencije korisnika i stilove u\u010denja kako bi generisao sadr\u017eaj koji odgovara zaposlenima. AI mo\u017ee pomo\u0107i u proceni i pobolj\u0161anju komunikacionih ve\u0161tina. Obrada prirodnog jezika (NLP) mo\u017ee da analizira obrasce komunikacije i pru\u017ei povratne informacije za unapre\u0111enje me\u0111uljudskih odnosa.<\/span><\/span><\/h3><\/li><li style=\"font-weight: normal; font-variant-ligatures: normal; font-variant-caps: normal; font-style: normal; letter-spacing: 0.3px;\"><h3 style=\"font-weight: normal; font-variant-ligatures: normal; font-variant-caps: normal; font-style: normal; letter-spacing: 0.3px;\"><span style=\"color: #ffffff;\"><strong>Automatizacija rutinskih poslova<\/strong>: Mo\u017eete koristiti AI za automatizaciju zadataka koji se ponavljaju kao \u0161to su unos podataka, zakazivanje i generiranje izve\u0161taja, osloba\u0111aju\u0107i vi\u0161e vremena za strate\u0161ko razmi\u0161ljanje, unapre\u0111enja i interakciju s klijentima.<\/span><\/h3><\/li><li><h3 style=\"font-weight: normal; font-variant-ligatures: normal; font-variant-caps: normal; font-style: normal; letter-spacing: 0.3px;\"><span style=\"color: #ffffff;\"><strong>Interakcija s klijentima<\/strong>: Chatbotovi pokretani ve\u0161ta\u010dkom inteligencijom mogu da odgovaraju na osnovne upite klijenata, zakazuju sastanke i pru\u017eaju osnovne informacije o va\u0161im uslugama. Ovo mo\u017ee pobolj\u0161ati anga\u017eovanje kupaca i u\u0161tedeti vreme kako vama, tako i va\u0161im klijentima. (Primer, dole desno: 4ITEC AI)<\/span><\/h3><\/li><li><h3 style=\"font-weight: normal; font-variant-ligatures: normal; font-variant-caps: normal; font-style: normal; letter-spacing: 0.3px;\"><span style=\"color: #ffffff;\"><strong>Analiza podataka<\/strong>: AI algoritmi vam mogu pomo\u0107i da analizirate tr\u017ei\u0161ne trendove, pona\u0161anje kupaca i uvide u industriju, omogu\u0107avaju\u0107i vam da donosite odluke zasnovane na realnim podacima.<\/span><\/h3><\/li><li><div><h3 style=\"font-variant-ligatures: normal; font-variant-caps: normal; font-style: normal; font-weight: normal; letter-spacing: 0.3px;\"><span style=\"font-size: 18px; color: #ffffff;\"><span style=\"font-size: 18px; font-weight: 600;\">Generisanje sadr\u017eaja<\/span>: AI mo\u017ee pomo\u0107i u generisanju blog postova, \u010dlanaka i izve\u0161taja. Mo\u017ee brzo sa\u017eeti informacije iz razli\u010ditih izvora i pru\u017eiti vam osnovni sadr\u017eaj koji se po potrebi mo\u017ee pobolj\u0161ati i doraditi.<\/span><\/h3><\/div><\/li><\/ul><h3 style=\"font-weight: normal; font-variant-ligatures: normal; font-variant-caps: normal; font-style: normal; letter-spacing: 0.3px;\"><span style=\"color: #ffffff;\"><strong style=\"font-size: 18px; letter-spacing: 0.3px;\">Va\u017eno je razumeti da iako AI mo\u017ee pru\u017eiti brojne prednosti, neophodno je pa\u017eljivo ga integrisati i osigurati da se poklapa sa ciljevima i vrednostima kompanije. Samo biti u toku sa najnovijim trendovima i napretkom AI \u0107e vam pomo\u0107i da iskoristite njegov puni potencijal.<\/strong><\/span><\/h3>\t\t\t\t\t\t\t\t<\/div>\n\t\t\t\t<\/div>\n\t\t\t\t\t<\/div>\n\t\t<\/div>\n\t\t\t\t\t<\/div>\n\t\t<\/section>\n\t\t\t\t<section class=\"elementor-section elementor-top-section elementor-element elementor-element-bab95f1 elementor-section-boxed elementor-section-height-default elementor-section-height-default\" data-id=\"bab95f1\" data-element_type=\"section\" data-settings=\"{&quot;background_background&quot;:&quot;classic&quot;}\">\n\t\t\t\t\t\t<div class=\"elementor-container elementor-column-gap-default\">\n\t\t\t\t\t<div class=\"elementor-column elementor-col-100 elementor-top-column elementor-element elementor-element-5d7ac7f\" data-id=\"5d7ac7f\" data-element_type=\"column\">\n\t\t\t<div class=\"elementor-widget-wrap elementor-element-populated\">\n\t\t\t\t\t\t<div class=\"elementor-element elementor-element-f20d603 elementor-widget elementor-widget-image\" data-id=\"f20d603\" data-element_type=\"widget\" data-widget_type=\"image.default\">\n\t\t\t\t<div class=\"elementor-widget-container\">\n\t\t\t\t\t\t\t\t\t\t\t\t\t\t\t<img decoding=\"async\" width=\"1160\" height=\"402\" src=\"https:\/\/4itec.net\/wp-content\/uploads\/2023\/08\/neural-net.jpg\" class=\"attachment-full size-full wp-image-5143\" alt=\"Neural network\" srcset=\"https:\/\/4itec.net\/wp-content\/uploads\/2023\/08\/neural-net.jpg 1160w, https:\/\/4itec.net\/wp-content\/uploads\/2023\/08\/neural-net-300x104.jpg 300w, https:\/\/4itec.net\/wp-content\/uploads\/2023\/08\/neural-net-1024x355.jpg 1024w, https:\/\/4itec.net\/wp-content\/uploads\/2023\/08\/neural-net-768x266.jpg 768w, https:\/\/4itec.net\/wp-content\/uploads\/2023\/08\/neural-net-18x6.jpg 18w\" sizes=\"(max-width: 1160px) 100vw, 1160px\" \/>\t\t\t\t\t\t\t\t\t\t\t\t\t\t\t<\/div>\n\t\t\t\t<\/div>\n\t\t\t\t\t<\/div>\n\t\t<\/div>\n\t\t\t\t\t<\/div>\n\t\t<\/section>\n\t\t\t\t<section class=\"elementor-section elementor-top-section elementor-element elementor-element-7c25ff1 elementor-section-boxed elementor-section-height-default elementor-section-height-default\" data-id=\"7c25ff1\" data-element_type=\"section\" data-settings=\"{&quot;background_background&quot;:&quot;classic&quot;}\">\n\t\t\t\t\t\t<div class=\"elementor-container elementor-column-gap-default\">\n\t\t\t\t\t<div class=\"elementor-column elementor-col-100 elementor-top-column elementor-element elementor-element-b251795\" data-id=\"b251795\" data-element_type=\"column\">\n\t\t\t<div class=\"elementor-widget-wrap elementor-element-populated\">\n\t\t\t\t\t\t<div class=\"elementor-element elementor-element-a36ba6d elementor-widget elementor-widget-shortcode\" data-id=\"a36ba6d\" data-element_type=\"widget\" data-widget_type=\"shortcode.default\">\n\t\t\t\t<div class=\"elementor-widget-container\">\n\t\t\t\t\t\t\t<div class=\"elementor-shortcode\"><div class='mwai-chatbot-container' data-params='{&quot;aiName&quot;:&quot;4ITEC AI&quot;,&quot;userName&quot;:&quot;&quot;,&quot;guestName&quot;:&quot;&quot;,&quot;aiAvatar&quot;:1,&quot;userAvatar&quot;:1,&quot;guestAvatar&quot;:1,&quot;aiAvatarUrl&quot;:&quot;https:\\\/\\\/4itec.net\\\/4ITEC_AI.png&quot;,&quot;textSend&quot;:&quot;Submit&quot;,&quot;textClear&quot;:&quot;Clear&quot;,&quot;imageUpload&quot;:false,&quot;fileUpload&quot;:false,&quot;multiUpload&quot;:false,&quot;maxUploads&quot;:1,&quot;fileUploads&quot;:0,&quot;mode&quot;:&quot;chat&quot;,&quot;textInputPlaceholder&quot;:&quot;Enter message... (option: image)&quot;,&quot;textInputMaxLength&quot;:512,&quot;textCompliance&quot;:&quot;This is an experimental feature. Some AI responses might be incorrect!&quot;,&quot;startSentence&quot;:&quot;Hi, I am a 4ITEC AI virtual assistant for IT.&lt;br&gt;How can I help you?&quot;,&quot;localMemory&quot;:true,&quot;themeId&quot;:&quot;chatgpt&quot;,&quot;window&quot;:true,&quot;icon&quot;:&quot;https:\\\/\\\/4itec.net\\\/4ITEC_AI.png&quot;,&quot;iconText&quot;:&quot;&quot;,&quot;iconTextDelay&quot;:0,&quot;iconAlt&quot;:&quot;AI Chatbot Avatar&quot;,&quot;iconPosition&quot;:&quot;bottom-right&quot;,&quot;centerOpen&quot;:false,&quot;width&quot;:&quot;&quot;,&quot;openDelay&quot;:&quot;&quot;,&quot;iconBubble&quot;:false,&quot;windowAnimation&quot;:&quot;zoom&quot;,&quot;fullscreen&quot;:false,&quot;copyButton&quot;:true,&quot;headerSubtitle&quot;:&quot;Discuss with&quot;,&quot;containerType&quot;:&quot;standard&quot;,&quot;headerType&quot;:&quot;standard&quot;,&quot;messagesType&quot;:&quot;standard&quot;,&quot;inputType&quot;:&quot;standard&quot;,&quot;footerType&quot;:&quot;standard&quot;}' data-system='{&quot;botId&quot;:&quot;IT&quot;,&quot;customId&quot;:null,&quot;userData&quot;:null,&quot;sessionId&quot;:&quot;69dfdb103caac&quot;,&quot;restNonce&quot;:null,&quot;contextId&quot;:4829,&quot;pluginUrl&quot;:&quot;https:\\\/\\\/4itec.net\\\/wp-content\\\/plugins\\\/ai-engine\\\/&quot;,&quot;restUrl&quot;:&quot;https:\\\/\\\/4itec.net\\\/sr\\\/wp-json&quot;,&quot;stream&quot;:true,&quot;debugMode&quot;:false,&quot;eventLogs&quot;:false,&quot;speech_recognition&quot;:true,&quot;speech_synthesis&quot;:false,&quot;typewriter&quot;:false,&quot;crossSite&quot;:false,&quot;actions&quot;:[],&quot;blocks&quot;:[],&quot;shortcuts&quot;:[]}' data-theme='{&quot;type&quot;:&quot;internal&quot;,&quot;name&quot;:&quot;ChatGPT&quot;,&quot;themeId&quot;:&quot;chatgpt&quot;,&quot;settings&quot;:{&quot;fontSize&quot;:&quot;14px&quot;,&quot;maxHeight&quot;:&quot;50vh&quot;},&quot;style&quot;:&quot;&quot;,&quot;cssUrl&quot;:&quot;https:\\\/\\\/4itec.net\\\/wp-content\\\/plugins\\\/ai-engine\\\/themes\\\/chatgpt.css&quot;}'><\/div><\/div>\n\t\t\t\t\t\t<\/div>\n\t\t\t\t<\/div>\n\t\t\t\t\t<\/div>\n\t\t<\/div>\n\t\t\t\t\t<\/div>\n\t\t<\/section>\n\t\t\t\t<\/div>","protected":false},"excerpt":{"rendered":"<p>~ Neka rade za nas prije nego mi po\u010dnemo raditi za njih. ~ Konsultantske usluge Uvod u AI mogu\u0107nosti Obja\u0161njenje \u0161ta AI mo\u017ee da uradi i kako mo\u017ee koristiti razli\u010ditim domenima i industrijama. Mo\u0107 i ograni\u010denja LLM-a Razgovaraju\u0107i o prednostima i slabostima modela velikog jezika (LLM) kao \u0161to je GPT-4, i kako [\u2026]<\/p>","protected":false},"author":1,"featured_media":0,"parent":1817,"menu_order":1,"comment_status":"closed","ping_status":"closed","template":"","meta":{"ocean_post_layout":"full-screen","ocean_both_sidebars_style":"","ocean_both_sidebars_content_width":0,"ocean_both_sidebars_sidebars_width":0,"ocean_sidebar":"0","ocean_second_sidebar":"0","ocean_disable_margins":"enable","ocean_add_body_class":"","ocean_shortcode_before_top_bar":"","ocean_shortcode_after_top_bar":"","ocean_shortcode_before_header":"","ocean_shortcode_after_header":"","ocean_has_shortcode":"","ocean_shortcode_after_title":"","ocean_shortcode_before_footer_widgets":"","ocean_shortcode_after_footer_widgets":"","ocean_shortcode_before_footer_bottom":"","ocean_shortcode_after_footer_bottom":"","ocean_display_top_bar":"default","ocean_display_header":"default","ocean_header_style":"","ocean_center_header_left_menu":"0","ocean_custom_header_template":"0","ocean_custom_logo":0,"ocean_custom_retina_logo":0,"ocean_custom_logo_max_width":0,"ocean_custom_logo_tablet_max_width":0,"ocean_custom_logo_mobile_max_width":0,"ocean_custom_logo_max_height":0,"ocean_custom_logo_tablet_max_height":0,"ocean_custom_logo_mobile_max_height":0,"ocean_header_custom_menu":"0","ocean_menu_typo_font_family":"0","ocean_menu_typo_font_subset":"","ocean_menu_typo_font_size":0,"ocean_menu_typo_font_size_tablet":0,"ocean_menu_typo_font_size_mobile":0,"ocean_menu_typo_font_size_unit":"px","ocean_menu_typo_font_weight":"","ocean_menu_typo_font_weight_tablet":"","ocean_menu_typo_font_weight_mobile":"","ocean_menu_typo_transform":"","ocean_menu_typo_transform_tablet":"","ocean_menu_typo_transform_mobile":"","ocean_menu_typo_line_height":0,"ocean_menu_typo_line_height_tablet":0,"ocean_menu_typo_line_height_mobile":0,"ocean_menu_typo_line_height_unit":"","ocean_menu_typo_spacing":0,"ocean_menu_typo_spacing_tablet":0,"ocean_menu_typo_spacing_mobile":0,"ocean_menu_typo_spacing_unit":"","ocean_menu_link_color":"","ocean_menu_link_color_hover":"","ocean_menu_link_color_active":"","ocean_menu_link_background":"","ocean_menu_link_hover_background":"","ocean_menu_link_active_background":"","ocean_menu_social_links_bg":"","ocean_menu_social_hover_links_bg":"","ocean_menu_social_links_color":"","ocean_menu_social_hover_links_color":"","ocean_disable_title":"default","ocean_disable_heading":"default","ocean_post_title":"","ocean_post_subheading":"","ocean_post_title_style":"","ocean_post_title_background_color":"","ocean_post_title_background":0,"ocean_post_title_bg_image_position":"","ocean_post_title_bg_image_attachment":"","ocean_post_title_bg_image_repeat":"","ocean_post_title_bg_image_size":"","ocean_post_title_height":0,"ocean_post_title_bg_overlay":0.5,"ocean_post_title_bg_overlay_color":"","ocean_disable_breadcrumbs":"default","ocean_breadcrumbs_color":"","ocean_breadcrumbs_separator_color":"","ocean_breadcrumbs_links_color":"","ocean_breadcrumbs_links_hover_color":"","ocean_display_footer_widgets":"default","ocean_display_footer_bottom":"default","ocean_custom_footer_template":"0","footnotes":""},"class_list":["post-4829","page","type-page","status-publish","hentry","entry"],"_links":{"self":[{"href":"https:\/\/4itec.net\/sr\/wp-json\/wp\/v2\/pages\/4829","targetHints":{"allow":["GET"]}}],"collection":[{"href":"https:\/\/4itec.net\/sr\/wp-json\/wp\/v2\/pages"}],"about":[{"href":"https:\/\/4itec.net\/sr\/wp-json\/wp\/v2\/types\/page"}],"author":[{"embeddable":true,"href":"https:\/\/4itec.net\/sr\/wp-json\/wp\/v2\/users\/1"}],"replies":[{"embeddable":true,"href":"https:\/\/4itec.net\/sr\/wp-json\/wp\/v2\/comments?post=4829"}],"version-history":[{"count":160,"href":"https:\/\/4itec.net\/sr\/wp-json\/wp\/v2\/pages\/4829\/revisions"}],"predecessor-version":[{"id":5844,"href":"https:\/\/4itec.net\/sr\/wp-json\/wp\/v2\/pages\/4829\/revisions\/5844"}],"up":[{"embeddable":true,"href":"https:\/\/4itec.net\/sr\/wp-json\/wp\/v2\/pages\/1817"}],"wp:attachment":[{"href":"https:\/\/4itec.net\/sr\/wp-json\/wp\/v2\/media?parent=4829"}],"curies":[{"name":"wp","href":"https:\/\/api.w.org\/{rel}","templated":true}]}}