{"id":4840,"date":"2023-08-25T12:00:35","date_gmt":"2023-08-25T10:00:35","guid":{"rendered":"https:\/\/4itec.net\/?page_id=4840"},"modified":"2024-10-25T11:46:56","modified_gmt":"2024-10-25T09:46:56","slug":"it-learning","status":"publish","type":"page","link":"https:\/\/4itec.net\/sr\/it-consulting\/it-learning\/","title":{"rendered":"Razvoj IT treninga"},"content":{"rendered":"<div data-elementor-type=\"wp-page\" data-elementor-id=\"4840\" class=\"elementor elementor-4840\">\n\t\t\t\t\t\t<section class=\"elementor-section elementor-top-section elementor-element elementor-element-95320a5 elementor-section-boxed elementor-section-height-default elementor-section-height-default\" data-id=\"95320a5\" data-element_type=\"section\" data-settings=\"{&quot;background_background&quot;:&quot;classic&quot;}\">\n\t\t\t\t\t\t<div class=\"elementor-container elementor-column-gap-default\">\n\t\t\t\t\t<div class=\"elementor-column elementor-col-50 elementor-top-column elementor-element elementor-element-3cbb61f\" data-id=\"3cbb61f\" data-element_type=\"column\">\n\t\t\t<div class=\"elementor-widget-wrap elementor-element-populated\">\n\t\t\t\t\t\t<div class=\"elementor-element elementor-element-0585b91 elementor-widget elementor-widget-image\" data-id=\"0585b91\" data-element_type=\"widget\" data-widget_type=\"image.default\">\n\t\t\t\t<div class=\"elementor-widget-container\">\n\t\t\t\t\t\t\t\t\t\t\t\t\t\t\t<img fetchpriority=\"high\" decoding=\"async\" width=\"1280\" height=\"513\" src=\"https:\/\/4itec.net\/wp-content\/uploads\/2023\/08\/offices-1181385_1280.jpg\" class=\"attachment-full size-full wp-image-5037\" alt=\"\" srcset=\"https:\/\/4itec.net\/wp-content\/uploads\/2023\/08\/offices-1181385_1280.jpg 1280w, https:\/\/4itec.net\/wp-content\/uploads\/2023\/08\/offices-1181385_1280-300x120.jpg 300w, https:\/\/4itec.net\/wp-content\/uploads\/2023\/08\/offices-1181385_1280-1024x410.jpg 1024w, https:\/\/4itec.net\/wp-content\/uploads\/2023\/08\/offices-1181385_1280-768x308.jpg 768w, https:\/\/4itec.net\/wp-content\/uploads\/2023\/08\/offices-1181385_1280-18x7.jpg 18w\" sizes=\"(max-width: 1280px) 100vw, 1280px\" \/>\t\t\t\t\t\t\t\t\t\t\t\t\t\t\t<\/div>\n\t\t\t\t<\/div>\n\t\t\t\t\t<\/div>\n\t\t<\/div>\n\t\t\t\t<div class=\"elementor-column elementor-col-50 elementor-top-column elementor-element elementor-element-71e20ed\" data-id=\"71e20ed\" data-element_type=\"column\">\n\t\t\t<div class=\"elementor-widget-wrap elementor-element-populated\">\n\t\t\t\t\t\t<div class=\"elementor-element elementor-element-b32a6ea animated-slow elementor-invisible elementor-widget elementor-widget-text-editor\" data-id=\"b32a6ea\" data-element_type=\"widget\" data-settings=\"{&quot;_animation&quot;:&quot;zoomIn&quot;,&quot;_animation_delay&quot;:0}\" data-widget_type=\"text-editor.default\">\n\t\t\t\t<div class=\"elementor-widget-container\">\n\t\t\t\t\t\t\t\t\t<h2><span style=\"color: #ffffff;\"><strong>Deset godina iskustva u kreiranju IT treninga i materijala za obuku u inostranim kompanijama.<\/strong><\/span><\/h2><h2><span style=\"color: #ffffff; font-weight: normal;\">Dizajnirali smo vi\u0161e od stotinu kurseva i uputstava <span style=\"font-size: 20px; letter-spacing: 0.3px;\">za nove IT proizvode pre njihovog zvani\u010dnog izlaska na tr\u017ei\u0161te.<\/span><br \/><\/span><\/h2><h2><span style=\"color: #ffffff; font-weight: normal;\">\u2022 <span style=\"font-size: 18px; letter-spacing: 0.3px;\">IT oprema: hardverski i softverski proizvodi<br \/><\/span>\u2022 <span style=\"font-size: 18px; letter-spacing: 0.3px;\">Polaznici: interni timovi za podr\u0161ku ili klijenti<\/span><\/span><\/h2>\t\t\t\t\t\t\t\t<\/div>\n\t\t\t\t<\/div>\n\t\t\t\t\t<\/div>\n\t\t<\/div>\n\t\t\t\t\t<\/div>\n\t\t<\/section>\n\t\t\t\t<section class=\"elementor-section elementor-top-section elementor-element elementor-element-32813ac elementor-section-boxed elementor-section-height-default elementor-section-height-default\" data-id=\"32813ac\" data-element_type=\"section\" data-settings=\"{&quot;background_background&quot;:&quot;classic&quot;}\">\n\t\t\t\t\t\t<div class=\"elementor-container elementor-column-gap-default\">\n\t\t\t\t\t<div class=\"elementor-column elementor-col-100 elementor-top-column elementor-element elementor-element-2f601f0\" data-id=\"2f601f0\" data-element_type=\"column\">\n\t\t\t<div class=\"elementor-widget-wrap elementor-element-populated\">\n\t\t\t\t\t\t<div class=\"elementor-element elementor-element-247ff27 elementor-widget-divider--view-line elementor-widget elementor-widget-divider\" data-id=\"247ff27\" data-element_type=\"widget\" data-widget_type=\"divider.default\">\n\t\t\t\t<div class=\"elementor-widget-container\">\n\t\t\t\t\t\t\t<div class=\"elementor-divider\">\n\t\t\t<span class=\"elementor-divider-separator\">\n\t\t\t\t\t\t<\/span>\n\t\t<\/div>\n\t\t\t\t\t\t<\/div>\n\t\t\t\t<\/div>\n\t\t\t\t\t<\/div>\n\t\t<\/div>\n\t\t\t\t\t<\/div>\n\t\t<\/section>\n\t\t\t\t<section class=\"elementor-section elementor-top-section elementor-element elementor-element-2debc20 elementor-section-boxed elementor-section-height-default elementor-section-height-default\" data-id=\"2debc20\" data-element_type=\"section\" data-settings=\"{&quot;background_background&quot;:&quot;classic&quot;}\">\n\t\t\t\t\t\t<div class=\"elementor-container elementor-column-gap-default\">\n\t\t\t\t\t<div class=\"elementor-column elementor-col-50 elementor-top-column elementor-element elementor-element-811f89c\" data-id=\"811f89c\" data-element_type=\"column\">\n\t\t\t<div class=\"elementor-widget-wrap elementor-element-populated\">\n\t\t\t\t\t\t<div class=\"elementor-element elementor-element-3497cc8 animated-slow elementor-invisible elementor-widget elementor-widget-text-editor\" data-id=\"3497cc8\" data-element_type=\"widget\" data-settings=\"{&quot;_animation&quot;:&quot;fadeIn&quot;,&quot;_animation_delay&quot;:500}\" data-widget_type=\"text-editor.default\">\n\t\t\t\t<div class=\"elementor-widget-container\">\n\t\t\t\t\t\t\t\t\t<h2 style=\"font-variant-ligatures: normal; font-variant-caps: normal; font-style: normal; letter-spacing: 0.3px; text-align: center;\"><span style=\"font-size: 18px; color: #ffffff;\">Brojni razvojni alati, formati sadr\u017eaja i koncepti obuke po izboru<\/span><\/h2><ul><li><h3><span style=\"color: #ffffff;\">Kursevi vo\u0111eni od strane instruktora<br \/><span style=\"font-weight: 400;\">Ekspert za predmetni proizvod vodi polaznike kroz materijale za obuku i ve\u017ebe.<\/span><\/span><\/h3><\/li><li><h3 style=\"font-variant-ligatures: normal; font-variant-caps: normal; font-style: normal; letter-spacing: 0.3px;\"><span style=\"font-size: 18px; color: #ffffff;\"><strong>Samostalni i online kursevi<\/strong><br \/><span style=\"font-weight: normal;\">Polaznici u\u010de sopstvenim tempom koriste\u0107i internet za pristup materijalima ili opremi za obuku i zavr\u0161avaju lekcije kada im to odgovara.<\/span><\/span><\/h3><\/li><li><div><h3 style=\"font-variant-ligatures: normal; font-variant-caps: normal; font-style: normal; letter-spacing: 0.3px;\"><span style=\"font-size: 18px; color: #ffffff;\"><strong>Uputstva za upotrebu i priru\u010dnici<\/strong><br \/><span style=\"font-weight: normal;\">Detaljna uputstva za upotrebu proizvoda i savladavanje svih njegovih mogu\u0107nosti.<\/span><\/span><\/h3><\/div><\/li><li><div><h3 style=\"font-variant-ligatures: normal; font-variant-caps: normal; font-style: normal; letter-spacing: 0.3px;\"><span style=\"font-size: 18px; color: #ffffff;\"><strong>Interaktivni tutorijali<\/strong><br \/><span style=\"font-weight: normal;\">Lekcije koje omogu\u0107avaju u\u010denicima da interaktivno ve\u017ebaju i savladavaju materiju izvode\u0107i zadate aktivnosti ili re\u0161avaju\u0107i kvizove.<\/span><\/span><\/h3><\/div><\/li><li><div><h3 style=\"font-variant-ligatures: normal; font-variant-caps: normal; font-style: normal; letter-spacing: 0.3px;\"><span style=\"font-size: 18px; color: #ffffff;\">Prakti\u010dne ve\u017ebe<br \/><span style=\"font-weight: normal;\">Prakti\u010dni zadaci za obuku i sticanje iskustva, na primer direktnim radom na proizvodima ili njihovim simulacijama.<\/span><\/span><\/h3><\/div><\/li><li><div><h3 style=\"font-variant-ligatures: normal; font-variant-caps: normal; font-style: normal; letter-spacing: 0.3px;\"><span style=\"font-size: 18px; color: #ffffff;\">Vodi\u010di korak-po-korak<br \/><span style=\"font-weight: normal;\">Ra\u0161\u010dlanjena uputstva za re\u0161avanje slo\u017eenijih zadataka kroz seriju manjih koraka koje je lak\u0161e ispratiti.<\/span><\/span><\/h3><\/div><\/li><li><div><h3 style=\"font-variant-ligatures: normal; font-variant-caps: normal; font-style: normal; letter-spacing: 0.3px;\"><span style=\"font-size: 18px; color: #ffffff;\">Prezentacije<br \/><span style=\"font-weight: normal;\">Materijali koji se koriste za prikazivanje i obja\u0161njenje proizvoda auditorijumu. Mogu uklju\u010divati slajdove, grafikone, slike, animacije ili video sekvence kako bi informacije bile jasnije i zanimljivije za pra\u0107enje.<\/span><\/span><\/h3><\/div><\/li><li><div><h3 style=\"font-variant-ligatures: normal; font-variant-caps: normal; font-style: normal; letter-spacing: 0.3px;\"><span style=\"font-size: 18px; color: #ffffff;\">Ispiti i sertifikati<br \/><span style=\"font-weight: normal;\">Testovi koji procenjuju znanje i ve\u0161tine polaznika, mogu uklju\u010divati i sertifikate koji pokazuju nivo dostignutog znanja o upotrebi predmeta obuke.<\/span><\/span><\/h3><\/div><\/li><\/ul>\t\t\t\t\t\t\t\t<\/div>\n\t\t\t\t<\/div>\n\t\t\t\t\t<\/div>\n\t\t<\/div>\n\t\t\t\t<div class=\"elementor-column elementor-col-50 elementor-top-column elementor-element elementor-element-4f6f047\" data-id=\"4f6f047\" data-element_type=\"column\">\n\t\t\t<div class=\"elementor-widget-wrap elementor-element-populated\">\n\t\t\t\t\t\t<div class=\"elementor-element elementor-element-0d3b052 elementor-widget elementor-widget-image\" data-id=\"0d3b052\" data-element_type=\"widget\" data-widget_type=\"image.default\">\n\t\t\t\t<div class=\"elementor-widget-container\">\n\t\t\t\t\t\t\t\t\t\t\t\t\t\t\t\t<a href=\"https:\/\/www.microsoft.com\/en-us\/microsoft-365\/microsoft-office\" target=\"_blank\">\n\t\t\t\t\t\t\t<img decoding=\"async\" width=\"256\" height=\"116\" src=\"https:\/\/4itec.net\/wp-content\/uploads\/2023\/08\/Microsoft-Office.png\" class=\"attachment-full size-full wp-image-5079\" alt=\"Microsoft Office\" srcset=\"https:\/\/4itec.net\/wp-content\/uploads\/2023\/08\/Microsoft-Office.png 256w, https:\/\/4itec.net\/wp-content\/uploads\/2023\/08\/Microsoft-Office-18x8.png 18w\" sizes=\"(max-width: 256px) 100vw, 256px\" \/>\t\t\t\t\t\t\t\t<\/a>\n\t\t\t\t\t\t\t\t\t\t\t\t\t\t\t<\/div>\n\t\t\t\t<\/div>\n\t\t\t\t<div class=\"elementor-element elementor-element-8006741 elementor-widget elementor-widget-image\" data-id=\"8006741\" data-element_type=\"widget\" data-widget_type=\"image.default\">\n\t\t\t\t<div class=\"elementor-widget-container\">\n\t\t\t\t\t\t\t\t\t\t\t\t\t\t\t\t<a href=\"https:\/\/www.techsmith.com\/camtasia-creative.html\" target=\"_blank\">\n\t\t\t\t\t\t\t<img decoding=\"async\" width=\"265\" height=\"120\" src=\"https:\/\/4itec.net\/wp-content\/uploads\/2023\/08\/Camtasia.png\" class=\"attachment-full size-full wp-image-5046\" alt=\"\" srcset=\"https:\/\/4itec.net\/wp-content\/uploads\/2023\/08\/Camtasia.png 265w, https:\/\/4itec.net\/wp-content\/uploads\/2023\/08\/Camtasia-18x8.png 18w\" sizes=\"(max-width: 265px) 100vw, 265px\" \/>\t\t\t\t\t\t\t\t<\/a>\n\t\t\t\t\t\t\t\t\t\t\t\t\t\t\t<\/div>\n\t\t\t\t<\/div>\n\t\t\t\t<div class=\"elementor-element elementor-element-f038407 elementor-widget elementor-widget-image\" data-id=\"f038407\" data-element_type=\"widget\" data-widget_type=\"image.default\">\n\t\t\t\t<div class=\"elementor-widget-container\">\n\t\t\t\t\t\t\t\t\t\t\t\t\t\t\t\t<a href=\"https:\/\/www.adobe.com\/products\/captivate.html\" target=\"_blank\">\n\t\t\t\t\t\t\t<img loading=\"lazy\" decoding=\"async\" width=\"262\" height=\"104\" src=\"https:\/\/4itec.net\/wp-content\/uploads\/2023\/08\/Captivate.png\" class=\"attachment-full size-full wp-image-5058\" alt=\"\" srcset=\"https:\/\/4itec.net\/wp-content\/uploads\/2023\/08\/Captivate.png 262w, https:\/\/4itec.net\/wp-content\/uploads\/2023\/08\/Captivate-18x7.png 18w\" sizes=\"(max-width: 262px) 100vw, 262px\" \/>\t\t\t\t\t\t\t\t<\/a>\n\t\t\t\t\t\t\t\t\t\t\t\t\t\t\t<\/div>\n\t\t\t\t<\/div>\n\t\t\t\t<div class=\"elementor-element elementor-element-56257f5 elementor-widget elementor-widget-image\" data-id=\"56257f5\" data-element_type=\"widget\" data-widget_type=\"image.default\">\n\t\t\t\t<div class=\"elementor-widget-container\">\n\t\t\t\t\t\t\t\t\t\t\t\t\t\t\t\t<a href=\"https:\/\/www.brainshark.com\/\" target=\"_blank\">\n\t\t\t\t\t\t\t<img loading=\"lazy\" decoding=\"async\" width=\"283\" height=\"121\" src=\"https:\/\/4itec.net\/wp-content\/uploads\/2023\/08\/Brainshark.png\" class=\"attachment-full size-full wp-image-5062\" alt=\"Brainshark\" srcset=\"https:\/\/4itec.net\/wp-content\/uploads\/2023\/08\/Brainshark.png 283w, https:\/\/4itec.net\/wp-content\/uploads\/2023\/08\/Brainshark-18x8.png 18w\" sizes=\"(max-width: 283px) 100vw, 283px\" \/>\t\t\t\t\t\t\t\t<\/a>\n\t\t\t\t\t\t\t\t\t\t\t\t\t\t\t<\/div>\n\t\t\t\t<\/div>\n\t\t\t\t<div class=\"elementor-element elementor-element-394ab63 elementor-widget elementor-widget-image\" data-id=\"394ab63\" data-element_type=\"widget\" data-widget_type=\"image.default\">\n\t\t\t\t<div class=\"elementor-widget-container\">\n\t\t\t\t\t\t\t\t\t\t\t\t\t\t\t\t<a href=\"https:\/\/www.techsmith.com\/screen-capture.html\" target=\"_blank\">\n\t\t\t\t\t\t\t<img loading=\"lazy\" decoding=\"async\" width=\"256\" height=\"116\" src=\"https:\/\/4itec.net\/wp-content\/uploads\/2023\/08\/TechSmith-SnagIt.png\" class=\"attachment-large size-large wp-image-5070\" alt=\"\" srcset=\"https:\/\/4itec.net\/wp-content\/uploads\/2023\/08\/TechSmith-SnagIt.png 256w, https:\/\/4itec.net\/wp-content\/uploads\/2023\/08\/TechSmith-SnagIt-18x8.png 18w\" sizes=\"(max-width: 256px) 100vw, 256px\" \/>\t\t\t\t\t\t\t\t<\/a>\n\t\t\t\t\t\t\t\t\t\t\t\t\t\t\t<\/div>\n\t\t\t\t<\/div>\n\t\t\t\t<div class=\"elementor-element elementor-element-9ffc75c elementor-widget elementor-widget-image\" data-id=\"9ffc75c\" data-element_type=\"widget\" data-widget_type=\"image.default\">\n\t\t\t\t<div class=\"elementor-widget-container\">\n\t\t\t\t\t\t\t\t\t\t\t\t\t\t\t\t<a href=\"https:\/\/www.youtube.com\/\" target=\"_blank\">\n\t\t\t\t\t\t\t<img loading=\"lazy\" decoding=\"async\" width=\"256\" height=\"110\" src=\"https:\/\/4itec.net\/wp-content\/uploads\/2023\/08\/YouTube.png\" class=\"attachment-full size-full wp-image-5114\" alt=\"YouTube\" srcset=\"https:\/\/4itec.net\/wp-content\/uploads\/2023\/08\/YouTube.png 256w, https:\/\/4itec.net\/wp-content\/uploads\/2023\/08\/YouTube-18x8.png 18w\" sizes=\"(max-width: 256px) 100vw, 256px\" \/>\t\t\t\t\t\t\t\t<\/a>\n\t\t\t\t\t\t\t\t\t\t\t\t\t\t\t<\/div>\n\t\t\t\t<\/div>\n\t\t\t\t\t<\/div>\n\t\t<\/div>\n\t\t\t\t\t<\/div>\n\t\t<\/section>\n\t\t\t\t<section class=\"elementor-section elementor-top-section elementor-element elementor-element-ec3b7b4 elementor-section-boxed elementor-section-height-default elementor-section-height-default\" data-id=\"ec3b7b4\" data-element_type=\"section\" data-settings=\"{&quot;background_background&quot;:&quot;classic&quot;}\">\n\t\t\t\t\t\t<div class=\"elementor-container elementor-column-gap-default\">\n\t\t\t\t\t<div class=\"elementor-column elementor-col-100 elementor-top-column elementor-element elementor-element-883476a\" data-id=\"883476a\" data-element_type=\"column\">\n\t\t\t<div class=\"elementor-widget-wrap elementor-element-populated\">\n\t\t\t\t\t\t<div class=\"elementor-element elementor-element-e6c0835 elementor-widget elementor-widget-image\" data-id=\"e6c0835\" data-element_type=\"widget\" data-widget_type=\"image.default\">\n\t\t\t\t<div class=\"elementor-widget-container\">\n\t\t\t\t\t\t\t\t\t\t\t\t\t\t\t<img loading=\"lazy\" decoding=\"async\" width=\"1160\" height=\"348\" src=\"https:\/\/4itec.net\/wp-content\/uploads\/2023\/08\/IT-Classroom.jpg\" class=\"attachment-full size-full wp-image-5113\" alt=\"IT Classroom\" srcset=\"https:\/\/4itec.net\/wp-content\/uploads\/2023\/08\/IT-Classroom.jpg 1160w, https:\/\/4itec.net\/wp-content\/uploads\/2023\/08\/IT-Classroom-300x90.jpg 300w, https:\/\/4itec.net\/wp-content\/uploads\/2023\/08\/IT-Classroom-1024x307.jpg 1024w, https:\/\/4itec.net\/wp-content\/uploads\/2023\/08\/IT-Classroom-768x230.jpg 768w, https:\/\/4itec.net\/wp-content\/uploads\/2023\/08\/IT-Classroom-18x5.jpg 18w\" sizes=\"(max-width: 1160px) 100vw, 1160px\" \/>\t\t\t\t\t\t\t\t\t\t\t\t\t\t\t<\/div>\n\t\t\t\t<\/div>\n\t\t\t\t\t<\/div>\n\t\t<\/div>\n\t\t\t\t\t<\/div>\n\t\t<\/section>\n\t\t\t\t<section class=\"elementor-section elementor-top-section elementor-element elementor-element-74e0574 elementor-section-boxed elementor-section-height-default elementor-section-height-default\" data-id=\"74e0574\" data-element_type=\"section\" data-settings=\"{&quot;background_background&quot;:&quot;classic&quot;}\">\n\t\t\t\t\t\t<div class=\"elementor-container elementor-column-gap-default\">\n\t\t\t\t\t<div class=\"elementor-column elementor-col-100 elementor-top-column elementor-element elementor-element-ac45bba\" data-id=\"ac45bba\" data-element_type=\"column\">\n\t\t\t<div class=\"elementor-widget-wrap elementor-element-populated\">\n\t\t\t\t\t\t<div class=\"elementor-element elementor-element-662c639 elementor-widget elementor-widget-shortcode\" data-id=\"662c639\" data-element_type=\"widget\" data-widget_type=\"shortcode.default\">\n\t\t\t\t<div class=\"elementor-widget-container\">\n\t\t\t\t\t\t\t<div class=\"elementor-shortcode\"><div class='mwai-chatbot-container' data-params='{&quot;aiName&quot;:&quot;4ITEC AI&quot;,&quot;userName&quot;:&quot;&quot;,&quot;guestName&quot;:&quot;&quot;,&quot;aiAvatar&quot;:1,&quot;userAvatar&quot;:1,&quot;guestAvatar&quot;:1,&quot;aiAvatarUrl&quot;:&quot;https:\\\/\\\/4itec.net\\\/4ITEC_AI.png&quot;,&quot;textSend&quot;:&quot;Submit&quot;,&quot;textClear&quot;:&quot;Clear&quot;,&quot;imageUpload&quot;:false,&quot;fileUpload&quot;:false,&quot;multiUpload&quot;:false,&quot;maxUploads&quot;:1,&quot;fileUploads&quot;:0,&quot;mode&quot;:&quot;chat&quot;,&quot;textInputPlaceholder&quot;:&quot;Enter message... (option: image)&quot;,&quot;textInputMaxLength&quot;:512,&quot;textCompliance&quot;:&quot;This is an experimental feature. Some AI responses might be incorrect!&quot;,&quot;startSentence&quot;:&quot;Hi, I am a 4ITEC AI virtual assistant for IT.&lt;br&gt;How can I help you?&quot;,&quot;localMemory&quot;:true,&quot;themeId&quot;:&quot;chatgpt&quot;,&quot;window&quot;:true,&quot;icon&quot;:&quot;https:\\\/\\\/4itec.net\\\/4ITEC_AI.png&quot;,&quot;iconText&quot;:&quot;&quot;,&quot;iconTextDelay&quot;:0,&quot;iconAlt&quot;:&quot;AI Chatbot Avatar&quot;,&quot;iconPosition&quot;:&quot;bottom-right&quot;,&quot;centerOpen&quot;:false,&quot;width&quot;:&quot;&quot;,&quot;openDelay&quot;:&quot;&quot;,&quot;iconBubble&quot;:false,&quot;windowAnimation&quot;:&quot;zoom&quot;,&quot;fullscreen&quot;:false,&quot;copyButton&quot;:true,&quot;headerSubtitle&quot;:&quot;Discuss with&quot;,&quot;containerType&quot;:&quot;standard&quot;,&quot;headerType&quot;:&quot;standard&quot;,&quot;messagesType&quot;:&quot;standard&quot;,&quot;inputType&quot;:&quot;standard&quot;,&quot;footerType&quot;:&quot;standard&quot;}' data-system='{&quot;botId&quot;:&quot;IT&quot;,&quot;customId&quot;:null,&quot;userData&quot;:null,&quot;sessionId&quot;:&quot;69e10462213b2&quot;,&quot;restNonce&quot;:null,&quot;contextId&quot;:4840,&quot;pluginUrl&quot;:&quot;https:\\\/\\\/4itec.net\\\/wp-content\\\/plugins\\\/ai-engine\\\/&quot;,&quot;restUrl&quot;:&quot;https:\\\/\\\/4itec.net\\\/sr\\\/wp-json&quot;,&quot;stream&quot;:true,&quot;debugMode&quot;:false,&quot;eventLogs&quot;:false,&quot;speech_recognition&quot;:true,&quot;speech_synthesis&quot;:false,&quot;typewriter&quot;:false,&quot;crossSite&quot;:false,&quot;actions&quot;:[],&quot;blocks&quot;:[],&quot;shortcuts&quot;:[]}' data-theme='{&quot;type&quot;:&quot;internal&quot;,&quot;name&quot;:&quot;ChatGPT&quot;,&quot;themeId&quot;:&quot;chatgpt&quot;,&quot;settings&quot;:{&quot;fontSize&quot;:&quot;14px&quot;,&quot;maxHeight&quot;:&quot;50vh&quot;},&quot;style&quot;:&quot;&quot;,&quot;cssUrl&quot;:&quot;https:\\\/\\\/4itec.net\\\/wp-content\\\/plugins\\\/ai-engine\\\/themes\\\/chatgpt.css&quot;}'><\/div><\/div>\n\t\t\t\t\t\t<\/div>\n\t\t\t\t<\/div>\n\t\t\t\t\t<\/div>\n\t\t<\/div>\n\t\t\t\t\t<\/div>\n\t\t<\/section>\n\t\t\t\t<\/div>","protected":false},"excerpt":{"rendered":"<p>Deset godina iskustva u kreiranju IT materijala za obuku i u\u010denje za me\u0111unarodne kompanije. Dizajnirali smo vi\u0161e od stotinu kurseva i vodi\u010da za nove IT proizvode prije njihove slu\u017ebene isporuke na tr\u017ei\u0161te. \u2022 IT oprema: i hardver i softver\u2022 Publika: interni timovi podr\u0161ke ili kupci Mnogi razvojni alati, formati sadr\u017eaja i koncepti u\u010denja [\u2026]<\/p>","protected":false},"author":1,"featured_media":0,"parent":1817,"menu_order":0,"comment_status":"closed","ping_status":"closed","template":"","meta":{"ocean_post_layout":"full-screen","ocean_both_sidebars_style":"","ocean_both_sidebars_content_width":0,"ocean_both_sidebars_sidebars_width":0,"ocean_sidebar":"0","ocean_second_sidebar":"0","ocean_disable_margins":"enable","ocean_add_body_class":"","ocean_shortcode_before_top_bar":"","ocean_shortcode_after_top_bar":"","ocean_shortcode_before_header":"","ocean_shortcode_after_header":"","ocean_has_shortcode":"","ocean_shortcode_after_title":"","ocean_shortcode_before_footer_widgets":"","ocean_shortcode_after_footer_widgets":"","ocean_shortcode_before_footer_bottom":"","ocean_shortcode_after_footer_bottom":"","ocean_display_top_bar":"default","ocean_display_header":"default","ocean_header_style":"","ocean_center_header_left_menu":"0","ocean_custom_header_template":"0","ocean_custom_logo":0,"ocean_custom_retina_logo":0,"ocean_custom_logo_max_width":0,"ocean_custom_logo_tablet_max_width":0,"ocean_custom_logo_mobile_max_width":0,"ocean_custom_logo_max_height":0,"ocean_custom_logo_tablet_max_height":0,"ocean_custom_logo_mobile_max_height":0,"ocean_header_custom_menu":"0","ocean_menu_typo_font_family":"0","ocean_menu_typo_font_subset":"","ocean_menu_typo_font_size":0,"ocean_menu_typo_font_size_tablet":0,"ocean_menu_typo_font_size_mobile":0,"ocean_menu_typo_font_size_unit":"px","ocean_menu_typo_font_weight":"","ocean_menu_typo_font_weight_tablet":"","ocean_menu_typo_font_weight_mobile":"","ocean_menu_typo_transform":"","ocean_menu_typo_transform_tablet":"","ocean_menu_typo_transform_mobile":"","ocean_menu_typo_line_height":0,"ocean_menu_typo_line_height_tablet":0,"ocean_menu_typo_line_height_mobile":0,"ocean_menu_typo_line_height_unit":"","ocean_menu_typo_spacing":0,"ocean_menu_typo_spacing_tablet":0,"ocean_menu_typo_spacing_mobile":0,"ocean_menu_typo_spacing_unit":"","ocean_menu_link_color":"","ocean_menu_link_color_hover":"","ocean_menu_link_color_active":"","ocean_menu_link_background":"","ocean_menu_link_hover_background":"","ocean_menu_link_active_background":"","ocean_menu_social_links_bg":"","ocean_menu_social_hover_links_bg":"","ocean_menu_social_links_color":"","ocean_menu_social_hover_links_color":"","ocean_disable_title":"default","ocean_disable_heading":"default","ocean_post_title":"","ocean_post_subheading":"","ocean_post_title_style":"","ocean_post_title_background_color":"","ocean_post_title_background":0,"ocean_post_title_bg_image_position":"","ocean_post_title_bg_image_attachment":"","ocean_post_title_bg_image_repeat":"","ocean_post_title_bg_image_size":"","ocean_post_title_height":0,"ocean_post_title_bg_overlay":0.5,"ocean_post_title_bg_overlay_color":"","ocean_disable_breadcrumbs":"default","ocean_breadcrumbs_color":"","ocean_breadcrumbs_separator_color":"","ocean_breadcrumbs_links_color":"","ocean_breadcrumbs_links_hover_color":"","ocean_display_footer_widgets":"default","ocean_display_footer_bottom":"default","ocean_custom_footer_template":"0","footnotes":""},"class_list":["post-4840","page","type-page","status-publish","hentry","entry"],"_links":{"self":[{"href":"https:\/\/4itec.net\/sr\/wp-json\/wp\/v2\/pages\/4840","targetHints":{"allow":["GET"]}}],"collection":[{"href":"https:\/\/4itec.net\/sr\/wp-json\/wp\/v2\/pages"}],"about":[{"href":"https:\/\/4itec.net\/sr\/wp-json\/wp\/v2\/types\/page"}],"author":[{"embeddable":true,"href":"https:\/\/4itec.net\/sr\/wp-json\/wp\/v2\/users\/1"}],"replies":[{"embeddable":true,"href":"https:\/\/4itec.net\/sr\/wp-json\/wp\/v2\/comments?post=4840"}],"version-history":[{"count":132,"href":"https:\/\/4itec.net\/sr\/wp-json\/wp\/v2\/pages\/4840\/revisions"}],"predecessor-version":[{"id":5841,"href":"https:\/\/4itec.net\/sr\/wp-json\/wp\/v2\/pages\/4840\/revisions\/5841"}],"up":[{"embeddable":true,"href":"https:\/\/4itec.net\/sr\/wp-json\/wp\/v2\/pages\/1817"}],"wp:attachment":[{"href":"https:\/\/4itec.net\/sr\/wp-json\/wp\/v2\/media?parent=4840"}],"curies":[{"name":"wp","href":"https:\/\/api.w.org\/{rel}","templated":true}]}}