{"id":5292,"date":"2023-09-18T10:20:05","date_gmt":"2023-09-18T08:20:05","guid":{"rendered":"https:\/\/4itec.net\/?page_id=5292"},"modified":"2024-10-25T11:34:23","modified_gmt":"2024-10-25T09:34:23","slug":"pm-consulting","status":"publish","type":"page","link":"https:\/\/4itec.net\/sr\/project-management\/pm-consulting\/","title":{"rendered":"Konsalting oko upravljanja projektima"},"content":{"rendered":"<div data-elementor-type=\"wp-post\" data-elementor-id=\"5292\" class=\"elementor elementor-5292\">\n\t\t\t\t\t\t<section class=\"elementor-section elementor-top-section elementor-element elementor-element-n3byb0y attorneys-boxes elementor-section-boxed elementor-section-height-default elementor-section-height-default\" data-id=\"n3byb0y\" data-element_type=\"section\" data-settings=\"{&quot;background_background&quot;:&quot;classic&quot;}\">\n\t\t\t\t\t\t\t<div class=\"elementor-background-overlay\"><\/div>\n\t\t\t\t\t\t\t<div class=\"elementor-container elementor-column-gap-default\">\n\t\t\t\t\t<div class=\"elementor-column elementor-col-100 elementor-top-column elementor-element elementor-element-gjcp8pe\" data-id=\"gjcp8pe\" data-element_type=\"column\">\n\t\t\t<div class=\"elementor-widget-wrap elementor-element-populated\">\n\t\t\t\t\t\t<section class=\"elementor-section elementor-inner-section elementor-element elementor-element-c026a61 elementor-section-boxed elementor-section-height-default elementor-section-height-default\" data-id=\"c026a61\" data-element_type=\"section\">\n\t\t\t\t\t\t<div class=\"elementor-container elementor-column-gap-default\">\n\t\t\t\t\t<div class=\"elementor-column elementor-col-100 elementor-inner-column elementor-element elementor-element-b4c9c9e\" data-id=\"b4c9c9e\" data-element_type=\"column\">\n\t\t\t<div class=\"elementor-widget-wrap elementor-element-populated\">\n\t\t\t\t\t\t<div class=\"elementor-element elementor-element-71ef420 elementor-widget elementor-widget-text-editor\" data-id=\"71ef420\" data-element_type=\"widget\" data-widget_type=\"text-editor.default\">\n\t\t\t\t<div class=\"elementor-widget-container\">\n\t\t\t\t\t\t\t\t\t<h3><span style=\"color: #ffffff;\"><span style=\"font-weight: normal;\">Sertifikovani profesionalci za projektni menad\u017ement (PMP\u00ae) koji vam mogu pomo\u0107i u upravljanju projektima<br><\/span><span style=\"font-weight: normal;\">Konsultanti sa dugogodi\u0161njim iskustvom u planiranju, vo\u0111enju, kontroli i zavr\u0161etku IT projekata.<br><\/span><span style=\"font-weight: normal;\">\u2022&nbsp;<\/span><span style=\"font-weight: normal;\">Investicione (planske), hibridne i agilne metodologije i alati za vo\u0111enje projekata<br><\/span><span style=\"font-weight: normal;\">Ovla\u0161\u0107eni instruktori i treneri za pripremu sertifikacionih ispita:<br><\/span><span style=\"font-weight: normal;\">\u2022&nbsp;<\/span><a style=\"color: #ffffff;\" href=\"https:\/\/4itec.net\/sr\/training\/pm-courses\/\">PMP<\/a><span style=\"font-weight: normal;\"><a style=\"color: #ffffff;\" href=\"https:\/\/4itec.net\/sr\/training\/pm-courses\/\" rel=\"noopener\"><sup>\u00ae<\/sup><\/a>&nbsp;sertifikat koji izdaje&nbsp;<\/span><a style=\"color: #ffffff;\" href=\"https:\/\/www.pmi.org\/\">Project Management Institut<\/a><span style=\"font-weight: normal;\"> (SAD).<br><\/span><span style=\"font-weight: normal;\">AI virtuelni asistent najnovije generacije, treniran za konsultacije oko upravljanja projektima (dole desno).<\/span><\/span><\/h3>\t\t\t\t\t\t\t\t<\/div>\n\t\t\t\t<\/div>\n\t\t\t\t\t<\/div>\n\t\t<\/div>\n\t\t\t\t\t<\/div>\n\t\t<\/section>\n\t\t\t\t\t<\/div>\n\t\t<\/div>\n\t\t\t\t\t<\/div>\n\t\t<\/section>\n\t\t\t\t<section class=\"elementor-section elementor-top-section elementor-element elementor-element-25bbc3b attorneys-boxes elementor-section-boxed elementor-section-height-default elementor-section-height-default\" data-id=\"25bbc3b\" data-element_type=\"section\" data-settings=\"{&quot;background_background&quot;:&quot;classic&quot;}\">\n\t\t\t\t\t\t\t<div class=\"elementor-background-overlay\"><\/div>\n\t\t\t\t\t\t\t<div class=\"elementor-container elementor-column-gap-default\">\n\t\t\t\t\t<div class=\"elementor-column elementor-col-100 elementor-top-column elementor-element elementor-element-fd4ab02\" data-id=\"fd4ab02\" data-element_type=\"column\">\n\t\t\t<div class=\"elementor-widget-wrap elementor-element-populated\">\n\t\t\t\t\t\t<section class=\"elementor-section elementor-inner-section elementor-element elementor-element-06234bb elementor-section-boxed elementor-section-height-default elementor-section-height-default\" data-id=\"06234bb\" data-element_type=\"section\">\n\t\t\t\t\t\t<div class=\"elementor-container elementor-column-gap-default\">\n\t\t\t\t\t<div class=\"elementor-column elementor-col-100 elementor-inner-column elementor-element elementor-element-41d0317\" data-id=\"41d0317\" data-element_type=\"column\">\n\t\t\t<div class=\"elementor-widget-wrap elementor-element-populated\">\n\t\t\t\t\t\t<div class=\"elementor-element elementor-element-99f475d elementor-widget__width-initial elementor-widget elementor-widget-wpforms\" data-id=\"99f475d\" data-element_type=\"widget\" data-widget_type=\"wpforms.default\">\n\t\t\t\t<div class=\"elementor-widget-container\">\n\t\t\t\t\t<div class=\"wpforms-container wpforms-container-full\" id=\"wpforms-5336\"><form id=\"wpforms-form-5336\" class=\"wpforms-validate wpforms-form\" data-formid=\"5336\" method=\"post\" enctype=\"multipart\/form-data\" action=\"\/sr\/wp-json\/wp\/v2\/pages\/5292\" data-token=\"ee48024f33b6545f7e2c68209e36b77b\" data-token-time=\"1776366399\" data-trp-original-action=\"\/sr\/wp-json\/wp\/v2\/pages\/5292\"><div class=\"wpforms-head-container\"><div class=\"wpforms-title\">Formular za osnovna pitanja oko upravljanja projektima (besplatno)<\/div><\/div><noscript class=\"wpforms-error-noscript\">Omogu\u0107ite JavaScript u svom pretra\u017eiva\u010du da popunite ovaj obrazac.<\/noscript><div class=\"wpforms-field-container\"><div id=\"wpforms-5336-field_0-container\" class=\"wpforms-field wpforms-field-name wpforms-one-third wpforms-first\" data-field-id=\"0\"><label class=\"wpforms-field-label wpforms-label-hide\" for=\"wpforms-5336-field_0\">Ime <span class=\"wpforms-required-label\">*<\/span><\/label><input type=\"text\" id=\"wpforms-5336-field_0\" class=\"wpforms-field-large wpforms-field-required\" name=\"wpforms[fields][0]\" placeholder=\"Ime*\" required><\/div><div id=\"wpforms-5336-field_3-container\" class=\"wpforms-field wpforms-field-text wpforms-one-third\" data-field-id=\"3\"><label class=\"wpforms-field-label wpforms-label-hide\" for=\"wpforms-5336-field_3\">Prezime <span class=\"wpforms-required-label\">*<\/span><\/label><input type=\"text\" id=\"wpforms-5336-field_3\" class=\"wpforms-field-large wpforms-field-required\" name=\"wpforms[fields][3]\" placeholder=\"Prezime*\" required><\/div><div id=\"wpforms-5336-field_1-container\" class=\"wpforms-field wpforms-field-email wpforms-one-third\" data-field-id=\"1\"><label class=\"wpforms-field-label wpforms-label-hide\" for=\"wpforms-5336-field_1\">Email <span class=\"wpforms-required-label\">*<\/span><\/label><input type=\"email\" id=\"wpforms-5336-field_1\" class=\"wpforms-field-large wpforms-field-required\" name=\"wpforms[fields][1]\" placeholder=\"Email*\" spellcheck=\"false\" required><\/div><div id=\"wpforms-5336-field_9-container\" class=\"wpforms-field wpforms-field-text wpforms-one-third wpforms-first\" data-field-id=\"9\"><label class=\"wpforms-field-label wpforms-label-hide\" for=\"wpforms-5336-field_9\">Firma<\/label><input type=\"text\" id=\"wpforms-5336-field_9\" class=\"wpforms-field-large\" name=\"wpforms[fields][9]\" placeholder=\"Firma (opciono)\" ><\/div><div id=\"wpforms-5336-field_10-container\" class=\"wpforms-field wpforms-field-text wpforms-one-third\" data-field-id=\"10\"><label class=\"wpforms-field-label wpforms-label-hide\" for=\"wpforms-5336-field_10\">Telefon<\/label><input type=\"text\" id=\"wpforms-5336-field_10\" class=\"wpforms-field-large\" name=\"wpforms[fields][10]\" placeholder=\"Telefon (opciono)\" ><\/div><div id=\"wpforms-5336-field_6-container\" class=\"wpforms-field wpforms-field-checkbox\" data-field-id=\"6\"><label class=\"wpforms-field-label\">Zainteresovan(a) sam za:<\/label><ul id=\"wpforms-5336-field_6\"><li class=\"choice-2 depth-1\"><input type=\"checkbox\" id=\"wpforms-5336-field_6_2\" name=\"wpforms[fields][6][]\" value=\"Learning &lt;b&gt;more details&lt;\/b&gt; about your consulting services\"  ><label class=\"wpforms-field-label-inline\" for=\"wpforms-5336-field_6_2\">ne\u0161to <b>vi\u0161e detalja<\/b> o va\u0161im konsultantskim uslugama<\/label><\/li><li class=\"choice-1 depth-1\"><input type=\"checkbox\" id=\"wpforms-5336-field_6_1\" name=\"wpforms[fields][6][]\" value=\"Your &lt;b&gt;PMP expert opinion&lt;\/b&gt; about the following question(s):\"  ><label class=\"wpforms-field-label-inline\" for=\"wpforms-5336-field_6_1\">va\u0161e <b>mi\u0161ljenje kao PMP stru\u010dnjaka<\/b> o slede\u0107em:<\/label><\/li><\/ul><\/div><div id=\"wpforms-5336-field_2-container\" class=\"wpforms-field wpforms-field-textarea\" data-field-id=\"2\"><label class=\"wpforms-field-label wpforms-label-hide\" for=\"wpforms-5336-field_2\">Va\u0161a pitanja <span class=\"wpforms-required-label\">*<\/span><\/label><textarea id=\"wpforms-5336-field_2\" class=\"wpforms-field-medium wpforms-field-required\" name=\"wpforms[fields][2]\" placeholder=\"Va\u0161a poruka...\" required><\/textarea><\/div><\/div><!-- .wpforms-field-container --><div class=\"wpforms-field wpforms-field-hp\"><label for=\"wpforms-5336-field-hp\" class=\"wpforms-field-label\">Poruka<\/label><input type=\"text\" name=\"wpforms[hp]\" id=\"wpforms-5336-field-hp\" class=\"wpforms-field-medium\"><\/div><div class=\"wpforms-recaptcha-container wpforms-is-turnstile\" ><div class=\"cf-turnstile\" data-sitekey=\"0x4AAAAAAAIac8zgGV2jD8JX\" data-action=\"FormID-5336\"><\/div><input type=\"text\" name=\"g-recaptcha-hidden\" class=\"wpforms-recaptcha-hidden\" style=\"position:absolute!important;clip:rect(0,0,0,0)!important;height:1px!important;width:1px!important;border:0!important;overflow:hidden!important;padding:0!important;margin:0!important;\" data-rule-turnstile=\"1\"><\/div><div class=\"wpforms-submit-container\" ><input type=\"hidden\" name=\"wpforms[id]\" value=\"5336\"><input type=\"hidden\" name=\"page_title\" value=\"\"><input type=\"hidden\" name=\"page_url\" value=\"https:\/\/4itec.net\/sr\/wp-json\/wp\/v2\/pages\/5292\"><input type=\"hidden\" name=\"url_referer\" value=\"\"><button type=\"submit\" name=\"wpforms[submit]\" id=\"wpforms-submit-5336\" class=\"wpforms-submit\" data-alt-text=\"Sending...\" data-submit-text=\"Send Your Message\" aria-live=\"assertive\" value=\"wpforms-submit\">Po\u0161alji poruku<\/button><\/div><input type=\"hidden\" name=\"trp-form-language\" value=\"sr\"\/><\/form><\/div>  <!-- .wpforms-container -->\t\t\t\t<\/div>\n\t\t\t\t<\/div>\n\t\t\t\t\t<\/div>\n\t\t<\/div>\n\t\t\t\t\t<\/div>\n\t\t<\/section>\n\t\t\t\t\t<\/div>\n\t\t<\/div>\n\t\t\t\t\t<\/div>\n\t\t<\/section>\n\t\t\t\t<section class=\"elementor-section elementor-top-section elementor-element elementor-element-50bb9fe attorneys-boxes elementor-section-boxed elementor-section-height-default elementor-section-height-default\" data-id=\"50bb9fe\" data-element_type=\"section\" data-settings=\"{&quot;background_background&quot;:&quot;classic&quot;}\">\n\t\t\t\t\t\t\t<div class=\"elementor-background-overlay\"><\/div>\n\t\t\t\t\t\t\t<div class=\"elementor-container elementor-column-gap-default\">\n\t\t\t\t\t<div class=\"elementor-column elementor-col-100 elementor-top-column elementor-element elementor-element-73f93d0\" data-id=\"73f93d0\" data-element_type=\"column\">\n\t\t\t<div class=\"elementor-widget-wrap elementor-element-populated\">\n\t\t\t\t\t\t<section class=\"elementor-section elementor-inner-section elementor-element elementor-element-9593c76 elementor-section-boxed elementor-section-height-default elementor-section-height-default\" data-id=\"9593c76\" data-element_type=\"section\">\n\t\t\t\t\t\t<div class=\"elementor-container elementor-column-gap-default\">\n\t\t\t\t\t<div class=\"elementor-column elementor-col-100 elementor-inner-column elementor-element elementor-element-209e0f8\" data-id=\"209e0f8\" data-element_type=\"column\">\n\t\t\t<div class=\"elementor-widget-wrap elementor-element-populated\">\n\t\t\t\t\t\t<div class=\"elementor-element elementor-element-cc4e7af elementor-widget__width-initial elementor-widget elementor-widget-wpforms\" data-id=\"cc4e7af\" data-element_type=\"widget\" data-widget_type=\"wpforms.default\">\n\t\t\t\t<div class=\"elementor-widget-container\">\n\t\t\t\t\t<div class=\"wpforms-container wpforms-container-full\" id=\"wpforms-5305\"><form id=\"wpforms-form-5305\" class=\"wpforms-validate wpforms-form\" data-formid=\"5305\" method=\"post\" enctype=\"multipart\/form-data\" action=\"\/sr\/wp-json\/wp\/v2\/pages\/5292\" data-token=\"2c08a1b18fe4309f6d5413379cfd84cf\" data-token-time=\"1776366399\" data-trp-original-action=\"\/sr\/wp-json\/wp\/v2\/pages\/5292\"><div class=\"wpforms-head-container\"><div class=\"wpforms-title\">Formular za kontakt u vezi PM konsaltinga ($$$ pla\u0107ene usluge)<\/div><\/div><noscript class=\"wpforms-error-noscript\">Omogu\u0107ite JavaScript u svom pretra\u017eiva\u010du da popunite ovaj obrazac.<\/noscript><div class=\"wpforms-field-container\"><div id=\"wpforms-5305-field_0-container\" class=\"wpforms-field wpforms-field-name wpforms-one-third wpforms-first\" data-field-id=\"0\"><label class=\"wpforms-field-label wpforms-label-hide\" for=\"wpforms-5305-field_0\">Ime <span class=\"wpforms-required-label\">*<\/span><\/label><input type=\"text\" id=\"wpforms-5305-field_0\" class=\"wpforms-field-large wpforms-field-required\" name=\"wpforms[fields][0]\" placeholder=\"Ime*\" required><\/div><div id=\"wpforms-5305-field_3-container\" class=\"wpforms-field wpforms-field-text wpforms-one-third\" data-field-id=\"3\"><label class=\"wpforms-field-label wpforms-label-hide\" for=\"wpforms-5305-field_3\">Prezime <span class=\"wpforms-required-label\">*<\/span><\/label><input type=\"text\" id=\"wpforms-5305-field_3\" class=\"wpforms-field-large wpforms-field-required\" name=\"wpforms[fields][3]\" placeholder=\"Prezime*\" required><\/div><div id=\"wpforms-5305-field_1-container\" class=\"wpforms-field wpforms-field-email wpforms-one-third\" data-field-id=\"1\"><label class=\"wpforms-field-label wpforms-label-hide\" for=\"wpforms-5305-field_1\">Email <span class=\"wpforms-required-label\">*<\/span><\/label><input type=\"email\" id=\"wpforms-5305-field_1\" class=\"wpforms-field-large wpforms-field-required\" name=\"wpforms[fields][1]\" placeholder=\"Email*\" spellcheck=\"false\" required><\/div><div id=\"wpforms-5305-field_9-container\" class=\"wpforms-field wpforms-field-text wpforms-one-third wpforms-first\" data-field-id=\"9\"><label class=\"wpforms-field-label wpforms-label-hide\" for=\"wpforms-5305-field_9\">Firma<\/label><input type=\"text\" id=\"wpforms-5305-field_9\" class=\"wpforms-field-large\" name=\"wpforms[fields][9]\" placeholder=\"Firma (opciono)\" ><\/div><div id=\"wpforms-5305-field_10-container\" class=\"wpforms-field wpforms-field-text wpforms-one-third\" data-field-id=\"10\"><label class=\"wpforms-field-label wpforms-label-hide\" for=\"wpforms-5305-field_10\">Telefon<\/label><input type=\"text\" id=\"wpforms-5305-field_10\" class=\"wpforms-field-large\" name=\"wpforms[fields][10]\" placeholder=\"Telefon (opciono)\" ><\/div><div id=\"wpforms-5305-field_6-container\" class=\"wpforms-field wpforms-field-checkbox\" data-field-id=\"6\"><label class=\"wpforms-field-label\">Zainteresovan(a) sam za:<\/label><ul id=\"wpforms-5305-field_6\"><li class=\"choice-6 depth-1\"><input type=\"checkbox\" id=\"wpforms-5305-field_6_6\" name=\"wpforms[fields][6][]\" value=\"Scheduling a &lt;b&gt;PM consulting meeting online&lt;\/b&gt; to discuss our needs in project management\"  ><label class=\"wpforms-field-label-inline\" for=\"wpforms-5305-field_6_6\">zakazivanje <b>PM konsalting sastanka online<\/b> u vezi na\u0161ih potreba na projektima<\/label><\/li><li class=\"choice-2 depth-1\"><input type=\"checkbox\" id=\"wpforms-5305-field_6_2\" name=\"wpforms[fields][6][]\" value=\"Scheduling a &lt;b&gt;PM consulting meeting in person&lt;\/b&gt; at our company about future cooperation\"  ><label class=\"wpforms-field-label-inline\" for=\"wpforms-5305-field_6_2\">zakazivanje <b>PM konsalting sastanka li\u010dno<\/b> u na\u0161oj kompaniji oko budu\u0107e saradnje<\/label><\/li><li class=\"choice-7 depth-1\"><input type=\"checkbox\" id=\"wpforms-5305-field_6_7\" name=\"wpforms[fields][6][]\" value=\"&lt;b&gt;Education&lt;\/b&gt;, courses, or knowledge certification in project management\"  ><label class=\"wpforms-field-label-inline\" for=\"wpforms-5305-field_6_7\"><b>edukaciju<\/b>, kurseve ili sertifikaciju znanja u upravljanju projektima<\/label><\/li><\/ul><\/div><div id=\"wpforms-5305-field_2-container\" class=\"wpforms-field wpforms-field-textarea\" data-field-id=\"2\"><label class=\"wpforms-field-label wpforms-label-hide\" for=\"wpforms-5305-field_2\">Va\u0161a poruka...<\/label><textarea id=\"wpforms-5305-field_2\" class=\"wpforms-field-medium\" name=\"wpforms[fields][2]\" placeholder=\"Va\u0161a poruka...\" ><\/textarea><\/div><\/div><!-- .wpforms-field-container --><div class=\"wpforms-field wpforms-field-hp\"><label for=\"wpforms-5305-field-hp\" class=\"wpforms-field-label\">Telefon<\/label><input type=\"text\" name=\"wpforms[hp]\" id=\"wpforms-5305-field-hp\" class=\"wpforms-field-medium\"><\/div><div class=\"wpforms-recaptcha-container wpforms-is-turnstile\" ><div class=\"cf-turnstile\" data-sitekey=\"0x4AAAAAAAIac8zgGV2jD8JX\" data-action=\"FormID-5305\"><\/div><input type=\"text\" name=\"g-recaptcha-hidden\" class=\"wpforms-recaptcha-hidden\" style=\"position:absolute!important;clip:rect(0,0,0,0)!important;height:1px!important;width:1px!important;border:0!important;overflow:hidden!important;padding:0!important;margin:0!important;\" data-rule-turnstile=\"1\"><\/div><div class=\"wpforms-submit-container\" ><input type=\"hidden\" name=\"wpforms[id]\" value=\"5305\"><input type=\"hidden\" name=\"page_title\" value=\"\"><input type=\"hidden\" name=\"page_url\" value=\"https:\/\/4itec.net\/sr\/wp-json\/wp\/v2\/pages\/5292\"><input type=\"hidden\" name=\"url_referer\" value=\"\"><button type=\"submit\" name=\"wpforms[submit]\" id=\"wpforms-submit-5305\" class=\"wpforms-submit\" data-alt-text=\"Sending...\" data-submit-text=\"Send Your Message\" aria-live=\"assertive\" value=\"wpforms-submit\">Po\u0161alji poruku<\/button><\/div><input type=\"hidden\" name=\"trp-form-language\" value=\"sr\"\/><\/form><\/div>  <!-- .wpforms-container -->\t\t\t\t<\/div>\n\t\t\t\t<\/div>\n\t\t\t\t\t<\/div>\n\t\t<\/div>\n\t\t\t\t\t<\/div>\n\t\t<\/section>\n\t\t\t\t\t<\/div>\n\t\t<\/div>\n\t\t\t\t\t<\/div>\n\t\t<\/section>\n\t\t\t\t<section class=\"elementor-section elementor-top-section elementor-element elementor-element-d5ca6f7 elementor-section-boxed elementor-section-height-default elementor-section-height-default\" data-id=\"d5ca6f7\" data-element_type=\"section\" data-settings=\"{&quot;background_background&quot;:&quot;classic&quot;}\">\n\t\t\t\t\t\t<div class=\"elementor-container elementor-column-gap-default\">\n\t\t\t\t\t<div class=\"elementor-column elementor-col-100 elementor-top-column elementor-element elementor-element-21fc3cf\" data-id=\"21fc3cf\" data-element_type=\"column\">\n\t\t\t<div class=\"elementor-widget-wrap elementor-element-populated\">\n\t\t\t\t\t\t<div class=\"elementor-element elementor-element-852d256 elementor-widget elementor-widget-shortcode\" data-id=\"852d256\" data-element_type=\"widget\" data-widget_type=\"shortcode.default\">\n\t\t\t\t<div class=\"elementor-widget-container\">\n\t\t\t\t\t\t\t<div class=\"elementor-shortcode\"><div class='mwai-chatbot-container' data-params='{&quot;aiName&quot;:&quot;4ITEC AI&quot;,&quot;userName&quot;:&quot;&quot;,&quot;guestName&quot;:&quot;&quot;,&quot;aiAvatar&quot;:1,&quot;userAvatar&quot;:1,&quot;guestAvatar&quot;:1,&quot;aiAvatarUrl&quot;:&quot;https:\\\/\\\/4itec.net\\\/4ITEC_AI.png&quot;,&quot;textSend&quot;:&quot;Submit&quot;,&quot;textClear&quot;:&quot;Clear&quot;,&quot;imageUpload&quot;:false,&quot;fileUpload&quot;:false,&quot;multiUpload&quot;:false,&quot;maxUploads&quot;:1,&quot;fileUploads&quot;:0,&quot;mode&quot;:&quot;chat&quot;,&quot;textInputPlaceholder&quot;:&quot;Type message... (option: image)&quot;,&quot;textInputMaxLength&quot;:1024,&quot;textCompliance&quot;:&quot;This is an experimental feature. Some AI responses might be incorrect!&quot;,&quot;startSentence&quot;:&quot;Hi, I am a 4ITEC AI virtual assistant for PM consulting.&lt;br&gt;How can I help you?&quot;,&quot;localMemory&quot;:true,&quot;themeId&quot;:&quot;chatgpt&quot;,&quot;window&quot;:true,&quot;icon&quot;:&quot;https:\\\/\\\/4itec.net\\\/4ITEC_AI.png&quot;,&quot;iconText&quot;:&quot;&quot;,&quot;iconTextDelay&quot;:0,&quot;iconAlt&quot;:&quot;AI Chatbot Avatar&quot;,&quot;iconPosition&quot;:&quot;bottom-right&quot;,&quot;centerOpen&quot;:false,&quot;width&quot;:&quot;&quot;,&quot;openDelay&quot;:&quot;&quot;,&quot;iconBubble&quot;:false,&quot;windowAnimation&quot;:&quot;zoom&quot;,&quot;fullscreen&quot;:true,&quot;copyButton&quot;:true,&quot;headerSubtitle&quot;:&quot;Discuss with&quot;,&quot;containerType&quot;:&quot;standard&quot;,&quot;headerType&quot;:&quot;standard&quot;,&quot;messagesType&quot;:&quot;standard&quot;,&quot;inputType&quot;:&quot;standard&quot;,&quot;footerType&quot;:&quot;standard&quot;}' data-system='{&quot;botId&quot;:&quot;PM-Consulting&quot;,&quot;customId&quot;:null,&quot;userData&quot;:null,&quot;sessionId&quot;:&quot;69e1333f0c058&quot;,&quot;restNonce&quot;:null,&quot;contextId&quot;:5292,&quot;pluginUrl&quot;:&quot;https:\\\/\\\/4itec.net\\\/wp-content\\\/plugins\\\/ai-engine\\\/&quot;,&quot;restUrl&quot;:&quot;https:\\\/\\\/4itec.net\\\/sr\\\/wp-json&quot;,&quot;stream&quot;:true,&quot;debugMode&quot;:false,&quot;eventLogs&quot;:false,&quot;speech_recognition&quot;:true,&quot;speech_synthesis&quot;:false,&quot;typewriter&quot;:false,&quot;crossSite&quot;:false,&quot;actions&quot;:[],&quot;blocks&quot;:[],&quot;shortcuts&quot;:[]}' data-theme='{&quot;type&quot;:&quot;internal&quot;,&quot;name&quot;:&quot;ChatGPT&quot;,&quot;themeId&quot;:&quot;chatgpt&quot;,&quot;settings&quot;:{&quot;fontSize&quot;:&quot;14px&quot;,&quot;maxHeight&quot;:&quot;50vh&quot;},&quot;style&quot;:&quot;&quot;,&quot;cssUrl&quot;:&quot;https:\\\/\\\/4itec.net\\\/wp-content\\\/plugins\\\/ai-engine\\\/themes\\\/chatgpt.css&quot;}'><\/div><\/div>\n\t\t\t\t\t\t<\/div>\n\t\t\t\t<\/div>\n\t\t\t\t\t<\/div>\n\t\t<\/div>\n\t\t\t\t\t<\/div>\n\t\t<\/section>\n\t\t\t\t<\/div>","protected":false},"excerpt":{"rendered":"<p>Certificirani stru\u010dnjaci za upravljanje projektima (PMP\u00ae) koji \u0107e vam pomo\u0107i u upravljanju va\u0161im projektima. Konsultanti s dugogodi\u0161njim iskustvom u planiranju, upravljanju, kontroli i zavr\u0161etku IT projekata.\u2022 Prediktivne\/Waterfall, hibridne i agilne Scrum\/Kanban metodologije i alati. Ovla\u0161teni instruktori i treneri za ispite za certifikaciju upravljanja projektima:\u2022 PMP\u00ae od strane Project Management Institute (SAD). AI virtualni asistent najnovije generacije, fino pode\u0161en za konsultacije o upravljanju projektima (dolje desno). [\u2026]<\/p>","protected":false},"author":1,"featured_media":0,"parent":339,"menu_order":0,"comment_status":"closed","ping_status":"closed","template":"","meta":{"ocean_post_layout":"full-screen","ocean_both_sidebars_style":"","ocean_both_sidebars_content_width":0,"ocean_both_sidebars_sidebars_width":0,"ocean_sidebar":"0","ocean_second_sidebar":"0","ocean_disable_margins":"enable","ocean_add_body_class":"","ocean_shortcode_before_top_bar":"","ocean_shortcode_after_top_bar":"","ocean_shortcode_before_header":"","ocean_shortcode_after_header":"","ocean_has_shortcode":"","ocean_shortcode_after_title":"","ocean_shortcode_before_footer_widgets":"","ocean_shortcode_after_footer_widgets":"","ocean_shortcode_before_footer_bottom":"","ocean_shortcode_after_footer_bottom":"","ocean_display_top_bar":"default","ocean_display_header":"default","ocean_header_style":"","ocean_center_header_left_menu":"0","ocean_custom_header_template":"0","ocean_custom_logo":0,"ocean_custom_retina_logo":0,"ocean_custom_logo_max_width":0,"ocean_custom_logo_tablet_max_width":0,"ocean_custom_logo_mobile_max_width":0,"ocean_custom_logo_max_height":0,"ocean_custom_logo_tablet_max_height":0,"ocean_custom_logo_mobile_max_height":0,"ocean_header_custom_menu":"0","ocean_menu_typo_font_family":"0","ocean_menu_typo_font_subset":"","ocean_menu_typo_font_size":0,"ocean_menu_typo_font_size_tablet":0,"ocean_menu_typo_font_size_mobile":0,"ocean_menu_typo_font_size_unit":"px","ocean_menu_typo_font_weight":"","ocean_menu_typo_font_weight_tablet":"","ocean_menu_typo_font_weight_mobile":"","ocean_menu_typo_transform":"","ocean_menu_typo_transform_tablet":"","ocean_menu_typo_transform_mobile":"","ocean_menu_typo_line_height":0,"ocean_menu_typo_line_height_tablet":0,"ocean_menu_typo_line_height_mobile":0,"ocean_menu_typo_line_height_unit":"","ocean_menu_typo_spacing":0,"ocean_menu_typo_spacing_tablet":0,"ocean_menu_typo_spacing_mobile":0,"ocean_menu_typo_spacing_unit":"","ocean_menu_link_color":"","ocean_menu_link_color_hover":"","ocean_menu_link_color_active":"","ocean_menu_link_background":"","ocean_menu_link_hover_background":"","ocean_menu_link_active_background":"","ocean_menu_social_links_bg":"","ocean_menu_social_hover_links_bg":"","ocean_menu_social_links_color":"","ocean_menu_social_hover_links_color":"","ocean_disable_title":"default","ocean_disable_heading":"default","ocean_post_title":"","ocean_post_subheading":"","ocean_post_title_style":"","ocean_post_title_background_color":"","ocean_post_title_background":0,"ocean_post_title_bg_image_position":"","ocean_post_title_bg_image_attachment":"","ocean_post_title_bg_image_repeat":"","ocean_post_title_bg_image_size":"","ocean_post_title_height":0,"ocean_post_title_bg_overlay":0.5,"ocean_post_title_bg_overlay_color":"","ocean_disable_breadcrumbs":"default","ocean_breadcrumbs_color":"","ocean_breadcrumbs_separator_color":"","ocean_breadcrumbs_links_color":"","ocean_breadcrumbs_links_hover_color":"","ocean_display_footer_widgets":"default","ocean_display_footer_bottom":"default","ocean_custom_footer_template":"0","footnotes":""},"class_list":["post-5292","page","type-page","status-publish","hentry","entry"],"_links":{"self":[{"href":"https:\/\/4itec.net\/sr\/wp-json\/wp\/v2\/pages\/5292","targetHints":{"allow":["GET"]}}],"collection":[{"href":"https:\/\/4itec.net\/sr\/wp-json\/wp\/v2\/pages"}],"about":[{"href":"https:\/\/4itec.net\/sr\/wp-json\/wp\/v2\/types\/page"}],"author":[{"embeddable":true,"href":"https:\/\/4itec.net\/sr\/wp-json\/wp\/v2\/users\/1"}],"replies":[{"embeddable":true,"href":"https:\/\/4itec.net\/sr\/wp-json\/wp\/v2\/comments?post=5292"}],"version-history":[{"count":62,"href":"https:\/\/4itec.net\/sr\/wp-json\/wp\/v2\/pages\/5292\/revisions"}],"predecessor-version":[{"id":5820,"href":"https:\/\/4itec.net\/sr\/wp-json\/wp\/v2\/pages\/5292\/revisions\/5820"}],"up":[{"embeddable":true,"href":"https:\/\/4itec.net\/sr\/wp-json\/wp\/v2\/pages\/339"}],"wp:attachment":[{"href":"https:\/\/4itec.net\/sr\/wp-json\/wp\/v2\/media?parent=5292"}],"curies":[{"name":"wp","href":"https:\/\/api.w.org\/{rel}","templated":true}]}}